{"id":6323,"date":"2025-02-17T16:21:44","date_gmt":"2025-02-17T16:21:44","guid":{"rendered":"https:\/\/enjoybusiness.com.co\/?page_id=6323"},"modified":"2025-07-15T21:47:51","modified_gmt":"2025-07-15T21:47:51","slug":"nuestros-servicios","status":"publish","type":"page","link":"https:\/\/enjoybusiness.com.co\/en\/nuestros-servicios\/","title":{"rendered":"Our Services"},"content":{"rendered":"<div data-elementor-type=\"wp-page\" data-elementor-id=\"6323\" class=\"elementor elementor-6323\" data-elementor-settings=\"{&quot;ha_cmc_init_switcher&quot;:&quot;no&quot;}\">\n\t\t\t\t\t\t<section class=\"elementor-section elementor-top-section elementor-element elementor-element-055c51d elementor-section-full_width elementor-section-height-default elementor-section-height-default\" data-id=\"055c51d\" data-element_type=\"section\" data-settings=\"{&quot;_ha_eqh_enable&quot;:false}\">\n\t\t\t\t\t\t<div class=\"elementor-container elementor-column-gap-no\">\n\t\t\t\t\t<div class=\"elementor-column elementor-col-100 elementor-top-column elementor-element elementor-element-a2a3fdd\" data-id=\"a2a3fdd\" data-element_type=\"column\">\n\t\t\t<div class=\"elementor-widget-wrap elementor-element-populated\">\n\t\t\t\t\t\t<div class=\"elementor-element elementor-element-1c67127 elementor-widget elementor-widget-image\" data-id=\"1c67127\" data-element_type=\"widget\" data-widget_type=\"image.default\">\n\t\t\t\t<div class=\"elementor-widget-container\">\n\t\t\t\t\t\t\t\t\t\t\t\t\t\t\t<img fetchpriority=\"high\" decoding=\"async\" width=\"1024\" height=\"576\" src=\"https:\/\/enjoybusiness.com.co\/wp-content\/uploads\/2025\/02\/ENOJOY-BUSINESS-BANNER-2-1024x576.jpg\" class=\"attachment-large size-large wp-image-6325\" alt=\"\" srcset=\"https:\/\/enjoybusiness.com.co\/wp-content\/uploads\/2025\/02\/ENOJOY-BUSINESS-BANNER-2-1024x576.jpg 1024w, https:\/\/enjoybusiness.com.co\/wp-content\/uploads\/2025\/02\/ENOJOY-BUSINESS-BANNER-2-300x169.jpg 300w, https:\/\/enjoybusiness.com.co\/wp-content\/uploads\/2025\/02\/ENOJOY-BUSINESS-BANNER-2-768x432.jpg 768w, https:\/\/enjoybusiness.com.co\/wp-content\/uploads\/2025\/02\/ENOJOY-BUSINESS-BANNER-2-1536x864.jpg 1536w, https:\/\/enjoybusiness.com.co\/wp-content\/uploads\/2025\/02\/ENOJOY-BUSINESS-BANNER-2.jpg 1920w\" sizes=\"(max-width: 1024px) 100vw, 1024px\" \/>\t\t\t\t\t\t\t\t\t\t\t\t\t\t\t<\/div>\n\t\t\t\t<\/div>\n\t\t\t\t\t<\/div>\n\t\t<\/div>\n\t\t\t\t\t<\/div>\n\t\t<\/section>\n\t\t\t\t<section class=\"elementor-section elementor-top-section elementor-element elementor-element-ecfef3c elementor-section-boxed elementor-section-height-default elementor-section-height-default\" data-id=\"ecfef3c\" data-element_type=\"section\" data-settings=\"{&quot;_ha_eqh_enable&quot;:false}\">\n\t\t\t\t\t\t<div class=\"elementor-container elementor-column-gap-default\">\n\t\t\t\t\t<div class=\"elementor-column elementor-col-50 elementor-top-column elementor-element elementor-element-6959fc13\" data-id=\"6959fc13\" data-element_type=\"column\" data-settings=\"{&quot;background_background&quot;:&quot;classic&quot;}\">\n\t\t\t<div class=\"elementor-widget-wrap elementor-element-populated\">\n\t\t\t\t\t\t<div class=\"elementor-element elementor-element-2f630940 elementor-widget elementor-widget-text-editor\" data-id=\"2f630940\" data-element_type=\"widget\" data-widget_type=\"text-editor.default\">\n\t\t\t\t<div class=\"elementor-widget-container\">\n\t\t\t\t\t\t\t\t\t<p class=\"translation-block\">It is excellent to hear that your business is expanding. However, this can also present new challenges. This is where Enjoy Business can help. As your logistics partner, we are dedicated to enhancing your export and import management processes. Drawing on our extensive experience, we are well-positioned to offer innovative solutions and a steadfast commitment to excellence.<\/p>\t\t\t\t\t\t\t\t<\/div>\n\t\t\t\t<\/div>\n\t\t\t\t<div class=\"elementor-element elementor-element-6d3bc07 elementor-align-center elementor-widget elementor-widget-button\" data-id=\"6d3bc07\" data-element_type=\"widget\" data-widget_type=\"button.default\">\n\t\t\t\t<div class=\"elementor-widget-container\">\n\t\t\t\t\t\t\t\t\t<div class=\"elementor-button-wrapper\">\n\t\t\t\t\t<a class=\"elementor-button elementor-button-link elementor-size-sm\" href=\"https:\/\/enjoybusiness.com.co\/en\/solicitud\/\">\n\t\t\t\t\t\t<span class=\"elementor-button-content-wrapper\">\n\t\t\t\t\t\t\t\t\t<span class=\"elementor-button-text\">Please quote your shipment<\/span>\n\t\t\t\t\t<\/span>\n\t\t\t\t\t<\/a>\n\t\t\t\t<\/div>\n\t\t\t\t\t\t\t\t<\/div>\n\t\t\t\t<\/div>\n\t\t\t\t<div class=\"elementor-element elementor-element-f35f6c0 elementor-widget elementor-widget-text-editor\" data-id=\"f35f6c0\" data-element_type=\"widget\" data-widget_type=\"text-editor.default\">\n\t\t\t\t<div class=\"elementor-widget-container\">\n\t\t\t\t\t\t\t\t\t<p>\u00a1Allow us to manage logistics, so you can concentrate on your core business activities!<\/p>\t\t\t\t\t\t\t\t<\/div>\n\t\t\t\t<\/div>\n\t\t\t\t\t<\/div>\n\t\t<\/div>\n\t\t\t\t<div class=\"elementor-column elementor-col-50 elementor-top-column elementor-element elementor-element-79922178\" data-id=\"79922178\" data-element_type=\"column\" data-settings=\"{&quot;background_background&quot;:&quot;classic&quot;}\">\n\t\t\t<div class=\"elementor-widget-wrap elementor-element-populated\">\n\t\t\t\t\t\t<div class=\"elementor-element elementor-element-87f74dc elementor-absolute elementor-widget elementor-widget-image\" data-id=\"87f74dc\" data-element_type=\"widget\" data-settings=\"{&quot;_position&quot;:&quot;absolute&quot;,&quot;ha_floating_fx&quot;:&quot;yes&quot;,&quot;ha_floating_fx_scale_toggle&quot;:&quot;yes&quot;,&quot;ha_floating_fx_scale_x&quot;:{&quot;unit&quot;:&quot;px&quot;,&quot;size&quot;:&quot;&quot;,&quot;sizes&quot;:{&quot;from&quot;:1,&quot;to&quot;:1.1999999999999999555910790149937383830547332763671875}},&quot;ha_floating_fx_scale_y&quot;:{&quot;unit&quot;:&quot;px&quot;,&quot;size&quot;:&quot;&quot;,&quot;sizes&quot;:{&quot;from&quot;:1,&quot;to&quot;:1.1999999999999999555910790149937383830547332763671875}},&quot;ha_floating_fx_scale_duration&quot;:{&quot;unit&quot;:&quot;px&quot;,&quot;size&quot;:1000,&quot;sizes&quot;:[]},&quot;ha_floating_fx_scale_delay&quot;:{&quot;unit&quot;:&quot;px&quot;,&quot;size&quot;:&quot;&quot;,&quot;sizes&quot;:[]}}\" data-widget_type=\"image.default\">\n\t\t\t\t<div class=\"elementor-widget-container\">\n\t\t\t\t\t\t\t\t\t\t\t\t\t\t\t<img decoding=\"async\" width=\"1024\" height=\"787\" src=\"https:\/\/enjoybusiness.com.co\/wp-content\/uploads\/2025\/02\/LOCALIZACION-BLANCO-e1757474606582-1024x787.png\" class=\"attachment-large size-large wp-image-6396\" alt=\"\" srcset=\"https:\/\/enjoybusiness.com.co\/wp-content\/uploads\/2025\/02\/LOCALIZACION-BLANCO-e1757474606582-1024x787.png 1024w, https:\/\/enjoybusiness.com.co\/wp-content\/uploads\/2025\/02\/LOCALIZACION-BLANCO-e1757474606582-300x231.png 300w, https:\/\/enjoybusiness.com.co\/wp-content\/uploads\/2025\/02\/LOCALIZACION-BLANCO-e1757474606582-768x590.png 768w, https:\/\/enjoybusiness.com.co\/wp-content\/uploads\/2025\/02\/LOCALIZACION-BLANCO-e1757474606582-16x12.png 16w, https:\/\/enjoybusiness.com.co\/wp-content\/uploads\/2025\/02\/LOCALIZACION-BLANCO-e1757474606582.png 1080w\" sizes=\"(max-width: 1024px) 100vw, 1024px\" \/>\t\t\t\t\t\t\t\t\t\t\t\t\t\t\t<\/div>\n\t\t\t\t<\/div>\n\t\t\t\t<div class=\"elementor-element elementor-element-393d1574 elementor-hidden-tablet elementor-hidden-mobile elementor-widget elementor-widget-image\" data-id=\"393d1574\" data-element_type=\"widget\" data-widget_type=\"image.default\">\n\t\t\t\t<div class=\"elementor-widget-container\">\n\t\t\t\t\t\t\t\t\t\t\t\t\t\t\t<img decoding=\"async\" width=\"765\" height=\"1080\" src=\"https:\/\/enjoybusiness.com.co\/wp-content\/uploads\/2025\/02\/ENJOY-WEB.jpg\" class=\"attachment-full size-full wp-image-6326\" alt=\"\" srcset=\"https:\/\/enjoybusiness.com.co\/wp-content\/uploads\/2025\/02\/ENJOY-WEB.jpg 765w, https:\/\/enjoybusiness.com.co\/wp-content\/uploads\/2025\/02\/ENJOY-WEB-213x300.jpg 213w, https:\/\/enjoybusiness.com.co\/wp-content\/uploads\/2025\/02\/ENJOY-WEB-725x1024.jpg 725w\" sizes=\"(max-width: 765px) 100vw, 765px\" \/>\t\t\t\t\t\t\t\t\t\t\t\t\t\t\t<\/div>\n\t\t\t\t<\/div>\n\t\t\t\t\t<\/div>\n\t\t<\/div>\n\t\t\t\t\t<\/div>\n\t\t<\/section>\n\t\t\t\t<section class=\"elementor-section elementor-top-section elementor-element elementor-element-d7694f6 elementor-section-boxed elementor-section-height-default elementor-section-height-default\" data-id=\"d7694f6\" data-element_type=\"section\" data-settings=\"{&quot;background_background&quot;:&quot;classic&quot;,&quot;_ha_eqh_enable&quot;:false}\">\n\t\t\t\t\t\t\t<div class=\"elementor-background-overlay\"><\/div>\n\t\t\t\t\t\t\t<div class=\"elementor-container elementor-column-gap-default\">\n\t\t\t\t\t<div class=\"elementor-column elementor-col-100 elementor-top-column elementor-element elementor-element-fba61a1\" data-id=\"fba61a1\" data-element_type=\"column\">\n\t\t\t<div class=\"elementor-widget-wrap elementor-element-populated\">\n\t\t\t\t\t\t<section class=\"elementor-section elementor-inner-section elementor-element elementor-element-73ee867 elementor-section-boxed elementor-section-height-default elementor-section-height-default\" data-id=\"73ee867\" data-element_type=\"section\" data-settings=\"{&quot;_ha_eqh_enable&quot;:false}\">\n\t\t\t\t\t\t<div class=\"elementor-container elementor-column-gap-default\">\n\t\t\t\t\t<div class=\"elementor-column elementor-col-50 elementor-inner-column elementor-element elementor-element-c17a631\" data-id=\"c17a631\" data-element_type=\"column\">\n\t\t\t<div class=\"elementor-widget-wrap elementor-element-populated\">\n\t\t\t\t\t\t<div class=\"elementor-element elementor-element-a25360c elementor-view-default elementor-widget elementor-widget-icon\" data-id=\"a25360c\" data-element_type=\"widget\" data-widget_type=\"icon.default\">\n\t\t\t\t<div class=\"elementor-widget-container\">\n\t\t\t\t\t\t\t<div class=\"elementor-icon-wrapper\">\n\t\t\t<div class=\"elementor-icon\">\n\t\t\t<i aria-hidden=\"true\" class=\"fas fa-people-carry\"><\/i>\t\t\t<\/div>\n\t\t<\/div>\n\t\t\t\t\t\t<\/div>\n\t\t\t\t<\/div>\n\t\t\t\t<div class=\"elementor-element elementor-element-04eddb9 elementor-widget elementor-widget-text-editor\" data-id=\"04eddb9\" data-element_type=\"widget\" data-widget_type=\"text-editor.default\">\n\t\t\t\t<div class=\"elementor-widget-container\">\n\t\t\t\t\t\t\t\t\t<p>We specialise in international logistics, connecting people, businesses and communities to enhance their prospects for the future.<\/p>\t\t\t\t\t\t\t\t<\/div>\n\t\t\t\t<\/div>\n\t\t\t\t\t<\/div>\n\t\t<\/div>\n\t\t\t\t<div class=\"elementor-column elementor-col-50 elementor-inner-column elementor-element elementor-element-2437b30\" data-id=\"2437b30\" data-element_type=\"column\">\n\t\t\t<div class=\"elementor-widget-wrap elementor-element-populated\">\n\t\t\t\t\t\t<div class=\"elementor-element elementor-element-2c1fcf9 elementor-view-default elementor-widget elementor-widget-icon\" data-id=\"2c1fcf9\" data-element_type=\"widget\" data-widget_type=\"icon.default\">\n\t\t\t\t<div class=\"elementor-widget-container\">\n\t\t\t\t\t\t\t<div class=\"elementor-icon-wrapper\">\n\t\t\t<div class=\"elementor-icon\">\n\t\t\t<i aria-hidden=\"true\" class=\"fas fa-box-open\"><\/i>\t\t\t<\/div>\n\t\t<\/div>\n\t\t\t\t\t\t<\/div>\n\t\t\t\t<\/div>\n\t\t\t\t<div class=\"elementor-element elementor-element-d136b0d elementor-widget elementor-widget-text-editor\" data-id=\"d136b0d\" data-element_type=\"widget\" data-widget_type=\"text-editor.default\">\n\t\t\t\t<div class=\"elementor-widget-container\">\n\t\t\t\t\t\t\t\t\t<p>We are committed to promoting our customers' progress through high-quality service, cost control through innovative logistics solutions, and the creation of value for our partners and human capital.<\/p>\t\t\t\t\t\t\t\t<\/div>\n\t\t\t\t<\/div>\n\t\t\t\t\t<\/div>\n\t\t<\/div>\n\t\t\t\t\t<\/div>\n\t\t<\/section>\n\t\t\t\t\t<\/div>\n\t\t<\/div>\n\t\t\t\t\t<\/div>\n\t\t<\/section>\n\t\t\t\t<section class=\"elementor-section elementor-top-section elementor-element elementor-element-498ee6b elementor-section-boxed elementor-section-height-default elementor-section-height-default\" data-id=\"498ee6b\" data-element_type=\"section\" data-settings=\"{&quot;background_background&quot;:&quot;classic&quot;,&quot;_ha_eqh_enable&quot;:false}\">\n\t\t\t\t\t\t<div class=\"elementor-container elementor-column-gap-default\">\n\t\t\t\t\t<div class=\"elementor-column elementor-col-100 elementor-top-column elementor-element elementor-element-08fa188\" data-id=\"08fa188\" data-element_type=\"column\">\n\t\t\t<div class=\"elementor-widget-wrap elementor-element-populated\">\n\t\t\t\t\t\t<div class=\"elementor-element elementor-element-55ef5b9 elementor-widget elementor-widget-spacer\" data-id=\"55ef5b9\" data-element_type=\"widget\" data-widget_type=\"spacer.default\">\n\t\t\t\t<div class=\"elementor-widget-container\">\n\t\t\t\t\t\t\t<div class=\"elementor-spacer\">\n\t\t\t<div class=\"elementor-spacer-inner\"><\/div>\n\t\t<\/div>\n\t\t\t\t\t\t<\/div>\n\t\t\t\t<\/div>\n\t\t\t\t<div class=\"elementor-element elementor-element-b49864f elementor-absolute elementor-widget elementor-widget-image\" data-id=\"b49864f\" data-element_type=\"widget\" data-settings=\"{&quot;_position&quot;:&quot;absolute&quot;}\" data-widget_type=\"image.default\">\n\t\t\t\t<div class=\"elementor-widget-container\">\n\t\t\t\t\t\t\t\t\t\t\t\t\t\t\t<img loading=\"lazy\" decoding=\"async\" width=\"1024\" height=\"512\" src=\"https:\/\/enjoybusiness.com.co\/wp-content\/uploads\/2021\/07\/mapa-mundial-enjoy-1-1024x512.jpg\" class=\"attachment-large size-large wp-image-5937\" alt=\"\" srcset=\"https:\/\/enjoybusiness.com.co\/wp-content\/uploads\/2021\/07\/mapa-mundial-enjoy-1-1024x512.jpg 1024w, https:\/\/enjoybusiness.com.co\/wp-content\/uploads\/2021\/07\/mapa-mundial-enjoy-1-300x150.jpg 300w, https:\/\/enjoybusiness.com.co\/wp-content\/uploads\/2021\/07\/mapa-mundial-enjoy-1-768x384.jpg 768w, https:\/\/enjoybusiness.com.co\/wp-content\/uploads\/2021\/07\/mapa-mundial-enjoy-1-1536x768.jpg 1536w, https:\/\/enjoybusiness.com.co\/wp-content\/uploads\/2021\/07\/mapa-mundial-enjoy-1.jpg 1920w\" sizes=\"(max-width: 1024px) 100vw, 1024px\" \/>\t\t\t\t\t\t\t\t\t\t\t\t\t\t\t<\/div>\n\t\t\t\t<\/div>\n\t\t\t\t\t<\/div>\n\t\t<\/div>\n\t\t\t\t\t<\/div>\n\t\t<\/section>\n\t\t\t\t<\/div>","protected":false},"excerpt":{"rendered":"<p>\u00a1Gran noticia que tu empresa est\u00e9 creciendo! Con el crecimiento vienen nuevos retos, y aqu\u00ed es donde entra\u00a0Enjoy\u00a0Business. Somos tu [&hellip;]<\/p>","protected":false},"author":1,"featured_media":0,"parent":0,"menu_order":0,"comment_status":"closed","ping_status":"closed","template":"","meta":{"site-sidebar-layout":"no-sidebar","site-content-layout":"","ast-site-content-layout":"full-width-container","site-content-style":"default","site-sidebar-style":"default","ast-global-header-display":"","ast-banner-title-visibility":"","ast-main-header-display":"","ast-hfb-above-header-display":"","ast-hfb-below-header-display":"","ast-hfb-mobile-header-display":"","site-post-title":"disabled","ast-breadcrumbs-content":"","ast-featured-img":"disabled","footer-sml-layout":"","theme-transparent-header-meta":"","adv-header-id-meta":"","stick-header-meta":"","header-above-stick-meta":"","header-main-stick-meta":"","header-below-stick-meta":"","astra-migrate-meta-layouts":"default","ast-page-background-enabled":"default","ast-page-background-meta":{"desktop":{"background-color":"var(--ast-global-color-5)","background-image":"","background-repeat":"repeat","background-position":"center center","background-size":"auto","background-attachment":"scroll","background-type":"","background-media":"","overlay-type":"","overlay-color":"","overlay-opacity":"","overlay-gradient":""},"tablet":{"background-color":"","background-image":"","background-repeat":"repeat","background-position":"center center","background-size":"auto","background-attachment":"scroll","background-type":"","background-media":"","overlay-type":"","overlay-color":"","overlay-opacity":"","overlay-gradient":""},"mobile":{"background-color":"","background-image":"","background-repeat":"repeat","background-position":"center center","background-size":"auto","background-attachment":"scroll","background-type":"","background-media":"","overlay-type":"","overlay-color":"","overlay-opacity":"","overlay-gradient":""}},"ast-content-background-meta":{"desktop":{"background-color":"var(--ast-global-color-4)","background-image":"","background-repeat":"repeat","background-position":"center center","background-size":"auto","background-attachment":"scroll","background-type":"","background-media":"","overlay-type":"","overlay-color":"","overlay-opacity":"","overlay-gradient":""},"tablet":{"background-color":"var(--ast-global-color-4)","background-image":"","background-repeat":"repeat","background-position":"center center","background-size":"auto","background-attachment":"scroll","background-type":"","background-media":"","overlay-type":"","overlay-color":"","overlay-opacity":"","overlay-gradient":""},"mobile":{"background-color":"var(--ast-global-color-4)","background-image":"","background-repeat":"repeat","background-position":"center center","background-size":"auto","background-attachment":"scroll","background-type":"","background-media":"","overlay-type":"","overlay-color":"","overlay-opacity":"","overlay-gradient":""}},"footnotes":""},"class_list":["post-6323","page","type-page","status-publish","hentry"],"yoast_head":"<!-- This site is optimized with the Yoast SEO plugin v25.6 - https:\/\/yoast.com\/wordpress\/plugins\/seo\/ -->\n<title>Nuestros servicios -<\/title>\n<meta name=\"robots\" content=\"index, follow, max-snippet:-1, max-image-preview:large, max-video-preview:-1\" \/>\n<link rel=\"canonical\" href=\"https:\/\/enjoybusiness.com.co\/en\/nuestros-servicios\/\" \/>\n<meta property=\"og:locale\" content=\"en_US\" \/>\n<meta property=\"og:type\" content=\"article\" \/>\n<meta property=\"og:title\" content=\"Nuestros servicios -\" \/>\n<meta property=\"og:description\" content=\"\u00a1Gran noticia que tu empresa est\u00e9 creciendo! Con el crecimiento vienen nuevos retos, y aqu\u00ed es donde entra\u00a0Enjoy\u00a0Business. Somos tu [&hellip;]\" \/>\n<meta property=\"og:url\" content=\"https:\/\/enjoybusiness.com.co\/en\/nuestros-servicios\/\" \/>\n<meta property=\"article:modified_time\" content=\"2025-07-15T21:47:51+00:00\" \/>\n<meta property=\"og:image\" content=\"https:\/\/enjoybusiness.com.co\/wp-content\/uploads\/2025\/02\/ENOJOY-BUSINESS-BANNER-2.jpg\" \/>\n\t<meta property=\"og:image:width\" content=\"1920\" \/>\n\t<meta property=\"og:image:height\" content=\"1080\" \/>\n\t<meta property=\"og:image:type\" content=\"image\/jpeg\" \/>\n<meta name=\"twitter:card\" content=\"summary_large_image\" \/>\n<meta name=\"twitter:label1\" content=\"Est. reading time\" \/>\n\t<meta name=\"twitter:data1\" content=\"2 minutes\" \/>\n<script type=\"application\/ld+json\" class=\"yoast-schema-graph\">{\"@context\":\"https:\/\/schema.org\",\"@graph\":[{\"@type\":\"WebPage\",\"@id\":\"https:\/\/enjoybusiness.com.co\/nuestros-servicios\/\",\"url\":\"https:\/\/enjoybusiness.com.co\/nuestros-servicios\/\",\"name\":\"Nuestros servicios -\",\"isPartOf\":{\"@id\":\"https:\/\/enjoybusiness.com.co\/en\/#website\"},\"primaryImageOfPage\":{\"@id\":\"https:\/\/enjoybusiness.com.co\/nuestros-servicios\/#primaryimage\"},\"image\":{\"@id\":\"https:\/\/enjoybusiness.com.co\/nuestros-servicios\/#primaryimage\"},\"thumbnailUrl\":\"https:\/\/enjoybusiness.com.co\/wp-content\/uploads\/2025\/02\/ENOJOY-BUSINESS-BANNER-2-1024x576.jpg\",\"datePublished\":\"2025-02-17T16:21:44+00:00\",\"dateModified\":\"2025-07-15T21:47:51+00:00\",\"breadcrumb\":{\"@id\":\"https:\/\/enjoybusiness.com.co\/nuestros-servicios\/#breadcrumb\"},\"inLanguage\":\"en-US\",\"potentialAction\":[{\"@type\":\"ReadAction\",\"target\":[\"https:\/\/enjoybusiness.com.co\/nuestros-servicios\/\"]}]},{\"@type\":\"ImageObject\",\"inLanguage\":\"en-US\",\"@id\":\"https:\/\/enjoybusiness.com.co\/nuestros-servicios\/#primaryimage\",\"url\":\"https:\/\/enjoybusiness.com.co\/wp-content\/uploads\/2025\/02\/ENOJOY-BUSINESS-BANNER-2-1024x576.jpg\",\"contentUrl\":\"https:\/\/enjoybusiness.com.co\/wp-content\/uploads\/2025\/02\/ENOJOY-BUSINESS-BANNER-2-1024x576.jpg\"},{\"@type\":\"BreadcrumbList\",\"@id\":\"https:\/\/enjoybusiness.com.co\/nuestros-servicios\/#breadcrumb\",\"itemListElement\":[{\"@type\":\"ListItem\",\"position\":1,\"name\":\"Enjoy Business\",\"item\":\"https:\/\/enjoybusiness.com.co\/\"},{\"@type\":\"ListItem\",\"position\":2,\"name\":\"Nuestros servicios\"}]},{\"@type\":\"WebSite\",\"@id\":\"https:\/\/enjoybusiness.com.co\/en\/#website\",\"url\":\"https:\/\/enjoybusiness.com.co\/en\/\",\"name\":\"\",\"description\":\"Especialistas globales y locales en servicios de transporte a\u00e9reo, mar\u00edtimo y por carretera, soluciones log\u00edsticas y servicio de aduana\",\"publisher\":{\"@id\":\"https:\/\/enjoybusiness.com.co\/en\/#organization\"},\"potentialAction\":[{\"@type\":\"SearchAction\",\"target\":{\"@type\":\"EntryPoint\",\"urlTemplate\":\"https:\/\/enjoybusiness.com.co\/en\/?s={search_term_string}\"},\"query-input\":{\"@type\":\"PropertyValueSpecification\",\"valueRequired\":true,\"valueName\":\"search_term_string\"}}],\"inLanguage\":\"en-US\"},{\"@type\":\"Organization\",\"@id\":\"https:\/\/enjoybusiness.com.co\/en\/#organization\",\"name\":\"Enjoy Business\",\"url\":\"https:\/\/enjoybusiness.com.co\/en\/\",\"logo\":{\"@type\":\"ImageObject\",\"inLanguage\":\"en-US\",\"@id\":\"https:\/\/enjoybusiness.com.co\/en\/#\/schema\/logo\/image\/\",\"url\":\"https:\/\/enjoybusiness.com.co\/wp-content\/uploads\/2021\/06\/logo-enjoy-business.png\",\"contentUrl\":\"https:\/\/enjoybusiness.com.co\/wp-content\/uploads\/2021\/06\/logo-enjoy-business.png\",\"width\":289,\"height\":96,\"caption\":\"Enjoy Business\"},\"image\":{\"@id\":\"https:\/\/enjoybusiness.com.co\/en\/#\/schema\/logo\/image\/\"}}]}<\/script>\n<!-- \/ Yoast SEO plugin. -->","yoast_head_json":{"title":"Nuestros servicios -","robots":{"index":"index","follow":"follow","max-snippet":"max-snippet:-1","max-image-preview":"max-image-preview:large","max-video-preview":"max-video-preview:-1"},"canonical":"https:\/\/enjoybusiness.com.co\/en\/nuestros-servicios\/","og_locale":"en_US","og_type":"article","og_title":"Nuestros servicios -","og_description":"\u00a1Gran noticia que tu empresa est\u00e9 creciendo! Con el crecimiento vienen nuevos retos, y aqu\u00ed es donde entra\u00a0Enjoy\u00a0Business. Somos tu [&hellip;]","og_url":"https:\/\/enjoybusiness.com.co\/en\/nuestros-servicios\/","article_modified_time":"2025-07-15T21:47:51+00:00","og_image":[{"width":1920,"height":1080,"url":"https:\/\/enjoybusiness.com.co\/wp-content\/uploads\/2025\/02\/ENOJOY-BUSINESS-BANNER-2.jpg","type":"image\/jpeg"}],"twitter_card":"summary_large_image","twitter_misc":{"Est. reading time":"2 minutes"},"schema":{"@context":"https:\/\/schema.org","@graph":[{"@type":"WebPage","@id":"https:\/\/enjoybusiness.com.co\/nuestros-servicios\/","url":"https:\/\/enjoybusiness.com.co\/nuestros-servicios\/","name":"Nuestros servicios -","isPartOf":{"@id":"https:\/\/enjoybusiness.com.co\/en\/#website"},"primaryImageOfPage":{"@id":"https:\/\/enjoybusiness.com.co\/nuestros-servicios\/#primaryimage"},"image":{"@id":"https:\/\/enjoybusiness.com.co\/nuestros-servicios\/#primaryimage"},"thumbnailUrl":"https:\/\/enjoybusiness.com.co\/wp-content\/uploads\/2025\/02\/ENOJOY-BUSINESS-BANNER-2-1024x576.jpg","datePublished":"2025-02-17T16:21:44+00:00","dateModified":"2025-07-15T21:47:51+00:00","breadcrumb":{"@id":"https:\/\/enjoybusiness.com.co\/nuestros-servicios\/#breadcrumb"},"inLanguage":"en-US","potentialAction":[{"@type":"ReadAction","target":["https:\/\/enjoybusiness.com.co\/nuestros-servicios\/"]}]},{"@type":"ImageObject","inLanguage":"en-US","@id":"https:\/\/enjoybusiness.com.co\/nuestros-servicios\/#primaryimage","url":"https:\/\/enjoybusiness.com.co\/wp-content\/uploads\/2025\/02\/ENOJOY-BUSINESS-BANNER-2-1024x576.jpg","contentUrl":"https:\/\/enjoybusiness.com.co\/wp-content\/uploads\/2025\/02\/ENOJOY-BUSINESS-BANNER-2-1024x576.jpg"},{"@type":"BreadcrumbList","@id":"https:\/\/enjoybusiness.com.co\/nuestros-servicios\/#breadcrumb","itemListElement":[{"@type":"ListItem","position":1,"name":"Enjoy Business","item":"https:\/\/enjoybusiness.com.co\/"},{"@type":"ListItem","position":2,"name":"Nuestros servicios"}]},{"@type":"WebSite","@id":"https:\/\/enjoybusiness.com.co\/en\/#website","url":"https:\/\/enjoybusiness.com.co\/en\/","name":"","description":"Especialistas globales y locales en servicios de transporte a\u00e9reo, mar\u00edtimo y por carretera, soluciones log\u00edsticas y servicio de aduana","publisher":{"@id":"https:\/\/enjoybusiness.com.co\/en\/#organization"},"potentialAction":[{"@type":"SearchAction","target":{"@type":"EntryPoint","urlTemplate":"https:\/\/enjoybusiness.com.co\/en\/?s={search_term_string}"},"query-input":{"@type":"PropertyValueSpecification","valueRequired":true,"valueName":"search_term_string"}}],"inLanguage":"en-US"},{"@type":"Organization","@id":"https:\/\/enjoybusiness.com.co\/en\/#organization","name":"Enjoy Business","url":"https:\/\/enjoybusiness.com.co\/en\/","logo":{"@type":"ImageObject","inLanguage":"en-US","@id":"https:\/\/enjoybusiness.com.co\/en\/#\/schema\/logo\/image\/","url":"https:\/\/enjoybusiness.com.co\/wp-content\/uploads\/2021\/06\/logo-enjoy-business.png","contentUrl":"https:\/\/enjoybusiness.com.co\/wp-content\/uploads\/2021\/06\/logo-enjoy-business.png","width":289,"height":96,"caption":"Enjoy Business"},"image":{"@id":"https:\/\/enjoybusiness.com.co\/en\/#\/schema\/logo\/image\/"}}]}},"_links":{"self":[{"href":"https:\/\/enjoybusiness.com.co\/en\/wp-json\/wp\/v2\/pages\/6323","targetHints":{"allow":["GET"]}}],"collection":[{"href":"https:\/\/enjoybusiness.com.co\/en\/wp-json\/wp\/v2\/pages"}],"about":[{"href":"https:\/\/enjoybusiness.com.co\/en\/wp-json\/wp\/v2\/types\/page"}],"author":[{"embeddable":true,"href":"https:\/\/enjoybusiness.com.co\/en\/wp-json\/wp\/v2\/users\/1"}],"replies":[{"embeddable":true,"href":"https:\/\/enjoybusiness.com.co\/en\/wp-json\/wp\/v2\/comments?post=6323"}],"version-history":[{"count":0,"href":"https:\/\/enjoybusiness.com.co\/en\/wp-json\/wp\/v2\/pages\/6323\/revisions"}],"wp:attachment":[{"href":"https:\/\/enjoybusiness.com.co\/en\/wp-json\/wp\/v2\/media?parent=6323"}],"curies":[{"name":"wp","href":"https:\/\/api.w.org\/{rel}","templated":true}]}}