{"id":6496,"date":"2025-02-21T16:47:00","date_gmt":"2025-02-21T16:47:00","guid":{"rendered":"https:\/\/enjoybusiness.com.co\/?page_id=6496"},"modified":"2025-08-21T19:58:23","modified_gmt":"2025-08-21T19:58:23","slug":"solicitud","status":"publish","type":"page","link":"https:\/\/enjoybusiness.com.co\/en\/solicitud\/","title":{"rendered":"Solicitud"},"content":{"rendered":"<div data-elementor-type=\"wp-page\" data-elementor-id=\"6496\" class=\"elementor elementor-6496\" data-elementor-settings=\"{&quot;ha_cmc_init_switcher&quot;:&quot;no&quot;}\">\n\t\t\t\t\t\t<section class=\"elementor-section elementor-top-section elementor-element elementor-element-9625618 elementor-section-boxed elementor-section-height-default elementor-section-height-default\" data-id=\"9625618\" data-element_type=\"section\" data-settings=\"{&quot;background_background&quot;:&quot;classic&quot;,&quot;_ha_eqh_enable&quot;:false}\">\n\t\t\t\t\t\t<div class=\"elementor-container elementor-column-gap-default\">\n\t\t\t\t\t<div class=\"elementor-column elementor-col-100 elementor-top-column elementor-element elementor-element-300848c\" data-id=\"300848c\" data-element_type=\"column\">\n\t\t\t<div class=\"elementor-widget-wrap elementor-element-populated\">\n\t\t\t\t\t\t<div class=\"elementor-element elementor-element-0ed5391 elementor-widget elementor-widget-text-editor\" data-id=\"0ed5391\" data-element_type=\"widget\" data-widget_type=\"text-editor.default\">\n\t\t\t\t<div class=\"elementor-widget-container\">\n\t\t\t\t\t\t\t\t\t<h1 class=\"custom-heading\">REQUEST A QUOTE<\/h1>\t\t\t\t\t\t\t\t<\/div>\n\t\t\t\t<\/div>\n\t\t\t\t<div class=\"elementor-element elementor-element-a0a307d elementor-widget elementor-widget-wpforms\" data-id=\"a0a307d\" data-element_type=\"widget\" data-widget_type=\"wpforms.default\">\n\t\t\t\t<div class=\"elementor-widget-container\">\n\t\t\t\t\t<style id=\"wpforms-css-vars-elementor-widget-a0a307d\">\n\t\t\t\t.elementor-widget-wpforms.elementor-element-a0a307d {\n\t\t\t\t--wpforms-button-background-color: #dddddd;\n--wpforms-field-border-color: #cccccc;\n--wpforms-field-border-color-spare: #cccccc;\n--wpforms-field-text-color: #444444;\n--wpforms-label-color: #262626;\n--wpforms-label-sublabel-color: #7f7f7f;\n--wpforms-label-error-color: #ff0000;\n--wpforms-button-border-style: solid;\n--wpforms-button-border-color: #cccccc;\n--wpforms-button-text-color: #666666;\n--wpforms-page-break-color: #dddddd;\n--wpforms-label-size-font-size: 14px;\n--wpforms-label-size-line-height: 17px;\n--wpforms-label-size-sublabel-font-size: 13px;\n--wpforms-label-size-sublabel-line-height: 16px;\n\n\t\t\t}\n\t\t\t<\/style><div class=\"wpforms-container wpforms-container-full wpforms-render-modern\" id=\"wpforms-6477\"><form id=\"wpforms-form-6477\" class=\"wpforms-validate wpforms-form wpforms-ajax-form\" data-formid=\"6477\" method=\"post\" enctype=\"multipart\/form-data\" action=\"\/en\/wp-json\/wp\/v2\/pages\/6496\" data-token=\"b73ceb8d03b2aafff80055d457a8ded7\" data-token-time=\"1776705187\" data-trp-original-action=\"\/en\/wp-json\/wp\/v2\/pages\/6496\"><noscript class=\"wpforms-error-noscript\">Please enable JavaScript in your browser to complete this form.<\/noscript><div id=\"wpforms-error-noscript\" style=\"display: none;\">Please enable JavaScript in your browser to complete this form.<\/div><div class=\"wpforms-field-container\"><div id=\"wpforms-6477-field_2-container\" class=\"wpforms-field wpforms-field-select wpforms-field-select-style-classic\" data-field-id=\"2\"><label class=\"wpforms-field-label\" for=\"wpforms-6477-field_2\">I would like to <span class=\"wpforms-required-label\" aria-hidden=\"true\">*<\/span><\/label><select id=\"wpforms-6477-field_2\" class=\"wpforms-field-medium wpforms-field-required\" name=\"wpforms[fields][2]\" required=\"required\"><option value=\"Solicita Cotizaci\u00f3n\" >Ask for a price.<\/option><option value=\"Convertirme en proveedor\/socio de negocios\" >Apply to be a supplier\/business partner.<\/option><option value=\"Contactar con otras \u00e1reas\" >Contact other areas.<\/option><\/select><\/div><div id=\"wpforms-6477-field_3-container\" class=\"wpforms-field wpforms-field-select wpforms-field-select-style-classic\" data-field-id=\"3\"><label class=\"wpforms-field-label\" for=\"wpforms-6477-field_3\">Select a Service ( <span class=\"wpforms-required-label\" aria-hidden=\"true\">*<\/span><\/label><select id=\"wpforms-6477-field_3\" class=\"wpforms-field-medium wpforms-field-required\" name=\"wpforms[fields][3]\" required=\"required\"><option value=\"Transporte A\u00e9reo\" >Air Transport<\/option><option value=\"Transporte Mar\u00edtimo\" >Transporte Mar\u00edtimo<\/option><option value=\"Transporte Terrestre\" >Land Transport<\/option><option value=\"Transporte de Proyectos\" >Project Transport<\/option><option value=\"Transporte Multimodal\" >Multimodal Transport<\/option><option value=\"Aduana\" >Aduana<\/option><option value=\"Log\u00edstico\" >Log\u00edstico<\/option><\/select><\/div><div id=\"wpforms-6477-field_4-container\" class=\"wpforms-field wpforms-field-select wpforms-field-select-style-classic\" data-field-id=\"4\"><label class=\"wpforms-field-label\" for=\"wpforms-6477-field_4\">Country <span class=\"wpforms-required-label\" aria-hidden=\"true\">*<\/span><\/label><select id=\"wpforms-6477-field_4\" class=\"wpforms-field-medium wpforms-field-required\" name=\"wpforms[fields][4]\" required=\"required\"><option value=\"Argentina\" >Argentina<\/option><option value=\"Antigua y Barbuda\" >Antigua y Barbuda<\/option><option value=\"Andorra\" >Andorra<\/option><option value=\"Australia\" >Australia<\/option><option value=\"Austria\" >Austria<\/option><option value=\"Barbados\" >Barbados<\/option><option value=\"Bahamas\" >Bahamas<\/option><option value=\"B\u00e9lgica\" >B\u00e9lgica<\/option><option value=\"Belice\" >Belice<\/option><option value=\"Bolivia\" >Bolivia<\/option><option value=\"Brasil\" >Brasil<\/option><option value=\"Canad\u00e1\" >Canad\u00e1<\/option><option value=\"Chile\" >Chile<\/option><option value=\"Chipre\" >Chipre<\/option><option value=\"Colombia\" >Colombia<\/option><option value=\"Costa Rica\" >Costa Rica<\/option><option value=\"Croacia\" >Croacia<\/option><option value=\"Cuba\" >Cuba<\/option><option value=\"Dinamarca\" >Dinamarca<\/option><option value=\"Ecuador\" >Ecuador<\/option><option value=\"El Salvador\" >El Salvador<\/option><option value=\"Eslovaquia\" >Eslovaquia<\/option><option value=\"Eslovenia\" >Eslovenia<\/option><option value=\"Espa\u00f1a\" >Espa\u00f1a<\/option><option value=\"Estados Unidos\" >Estados Unidos<\/option><option value=\"Estonia\" >Estonia<\/option><option value=\"Finlandia\" >Finlandia<\/option><option value=\"Francia\" >Francia<\/option><option value=\"Grecia\" >Grecia<\/option><option value=\"Guatemala\" >Guatemala<\/option><option value=\"Honduras\" >Honduras<\/option><option value=\"Hungr\u00eda\" >Hungr\u00eda<\/option><option value=\"Islandia\" >Islandia<\/option><option value=\"Irlanda\" >Irlanda<\/option><option value=\"Italia\" >Italia<\/option><option value=\"Jamaica\" >Jamaica<\/option><option value=\"Jap\u00f3n\" >Jap\u00f3n<\/option><option value=\"Letonia\" >Letonia<\/option><option value=\"Liechtenstein\" >Liechtenstein<\/option><option value=\"Lituania\" >Lituania<\/option><option value=\"Luxemburgo\" >Luxemburgo<\/option><option value=\"Malta\" >Malta<\/option><option value=\"M\u00e9xico\" >M\u00e9xico<\/option><option value=\"M\u00f3naco\" >M\u00f3naco<\/option><option value=\"Nicaragua\" >Nicaragua<\/option><option value=\"Noruega\" >Noruega<\/option><option value=\"Nueva Zelanda\" >Nueva Zelanda<\/option><option value=\"Pa\u00edses Bajos\" >Pa\u00edses Bajos<\/option><option value=\"Panam\u00e1\" >Panam\u00e1<\/option><option value=\"Paraguay\" >Paraguay<\/option><option value=\"Per\u00fa\" >Per\u00fa<\/option><option value=\"Polonia\" >Polonia<\/option><option value=\"Portugal\" >Portugal<\/option><option value=\"Puerto Rico\" >Puerto Rico<\/option><option value=\"Reino Unido\" >Reino Unido<\/option><option value=\"Rep\u00fablica Dominicana\" >Rep\u00fablica Dominicana<\/option><option value=\"San Marino\" >San Marino<\/option><option value=\"Suecia\" >Suecia<\/option><option value=\"Suiza\" >Suiza<\/option><option value=\"Uruguay\" >Uruguay<\/option><option value=\"Venezuela\" >Venezuela<\/option><\/select><\/div><div id=\"wpforms-6477-field_5-container\" class=\"wpforms-field wpforms-field-textarea\" data-field-id=\"5\"><label class=\"wpforms-field-label\" for=\"wpforms-6477-field_5\">Shipping details <span class=\"wpforms-required-label\" aria-hidden=\"true\">*<\/span><\/label><textarea id=\"wpforms-6477-field_5\" class=\"wpforms-field-medium wpforms-field-required\" name=\"wpforms[fields][5]\" aria-errormessage=\"wpforms-6477-field_5-error\" required><\/textarea><\/div><div id=\"wpforms-6477-field_6-container\" class=\"wpforms-field wpforms-field-textarea\" data-field-id=\"6\"><label class=\"wpforms-field-label\" for=\"wpforms-6477-field_6\">Message <span class=\"wpforms-required-label\" aria-hidden=\"true\">*<\/span><\/label><textarea id=\"wpforms-6477-field_6\" class=\"wpforms-field-medium wpforms-field-required\" name=\"wpforms[fields][6]\" aria-errormessage=\"wpforms-6477-field_6-error\" required><\/textarea><\/div><div id=\"wpforms-6477-field_7-container\" class=\"wpforms-field wpforms-field-text\" data-field-id=\"7\"><label class=\"wpforms-field-label\" for=\"wpforms-6477-field_7\">Company <span class=\"wpforms-required-label\" aria-hidden=\"true\">*<\/span><\/label><input type=\"text\" id=\"wpforms-6477-field_7\" class=\"wpforms-field-medium wpforms-field-required\" name=\"wpforms[fields][7]\" aria-errormessage=\"wpforms-6477-field_7-error\" required><\/div><div id=\"wpforms-6477-field_8-container\" class=\"wpforms-field wpforms-field-name\" data-field-id=\"8\"><fieldset><legend class=\"wpforms-field-label\">Name <span class=\"wpforms-required-label\" aria-hidden=\"true\">*<\/span><\/legend><div class=\"wpforms-field-row wpforms-field-medium\"><div class=\"wpforms-field-row-block wpforms-first wpforms-one-half\"><input type=\"text\" id=\"wpforms-6477-field_8\" class=\"wpforms-field-name-first wpforms-field-required\" name=\"wpforms[fields][8][first]\" aria-errormessage=\"wpforms-6477-field_8-error\" required><label for=\"wpforms-6477-field_8\" class=\"wpforms-field-sublabel after\">First<\/label><\/div><div class=\"wpforms-field-row-block wpforms-one-half\"><input type=\"text\" id=\"wpforms-6477-field_8-last\" class=\"wpforms-field-name-last wpforms-field-required\" name=\"wpforms[fields][8][last]\" aria-errormessage=\"wpforms-6477-field_8-last-error\" required><label for=\"wpforms-6477-field_8-last\" class=\"wpforms-field-sublabel after\">Last<\/label><\/div><\/div><\/fieldset><\/div><div id=\"wpforms-6477-field_11-container\" class=\"wpforms-field wpforms-field-email\" data-field-id=\"11\"><label class=\"wpforms-field-label\" for=\"wpforms-6477-field_11\">Email address <span class=\"wpforms-required-label\" aria-hidden=\"true\">*<\/span><\/label><input type=\"email\" id=\"wpforms-6477-field_11\" class=\"wpforms-field-medium wpforms-field-required\" name=\"wpforms[fields][11]\" spellcheck=\"false\" aria-errormessage=\"wpforms-6477-field_11-error\" required><\/div><div id=\"wpforms-6477-field_9-container\" class=\"wpforms-field wpforms-field-number\" data-field-id=\"9\"><label class=\"wpforms-field-label\" for=\"wpforms-6477-field_9\">Phone  <span class=\"wpforms-required-label\" aria-hidden=\"true\">*<\/span><\/label><input type=\"number\" id=\"wpforms-6477-field_9\" class=\"wpforms-field-medium wpforms-field-required\" name=\"wpforms[fields][9]\" step=\"any\" aria-errormessage=\"wpforms-6477-field_9-error\" required><\/div><div id=\"wpforms-6477-field_10-container\" class=\"wpforms-field wpforms-field-text\" data-field-id=\"10\"><label class=\"wpforms-field-label\" for=\"wpforms-6477-field_10\">City <span class=\"wpforms-required-label\" aria-hidden=\"true\">*<\/span><\/label><input type=\"text\" id=\"wpforms-6477-field_10\" class=\"wpforms-field-medium wpforms-field-required\" name=\"wpforms[fields][10]\" aria-errormessage=\"wpforms-6477-field_10-error\" required><\/div>\t\t<div id=\"wpforms-6477-field_1-container\"\n\t\t\tclass=\"wpforms-field wpforms-field-text\"\n\t\t\tdata-field-type=\"text\"\n\t\t\tdata-field-id=\"1\"\n\t\t\t>\n\t\t\t<label class=\"wpforms-field-label\" for=\"wpforms-6477-field_1\" >y y gustar\u00eda<\/label>\n\t\t\t<input type=\"text\" id=\"wpforms-6477-field_1\" class=\"wpforms-field-medium\" name=\"wpforms[fields][1]\" >\n\t\t<\/div>\n\t\t<div id=\"wpforms-6477-field_15-container\" class=\"wpforms-field wpforms-field-checkbox httpsenjoybusinesscomcowp-contentuploads202504ENJ-DE-M-01-Manual-para-el-tratamiento-de-datos-personalespdf\" data-field-id=\"15\"><fieldset><legend class=\"wpforms-field-label\">Autorizo el tratamiento de mis datos personales y declaro haber sido informado sobre las pol\u00edticas de tratamiento, su acceso y las finalidades aplicable <span class=\"wpforms-required-label\" aria-hidden=\"true\">*<\/span><\/legend><ul id=\"wpforms-6477-field_15\" class=\"wpforms-field-required\"><li class=\"choice-1 depth-1\"><input type=\"checkbox\" id=\"wpforms-6477-field_15_1\" name=\"wpforms[fields][15][]\" value=\"Acepto\" aria-errormessage=\"wpforms-6477-field_15_1-error\" aria-describedby=\"wpforms-6477-field_15-description\" required><label class=\"wpforms-field-label-inline\" for=\"wpforms-6477-field_15_1\">Acepto<\/label><\/li><\/ul><div id=\"wpforms-6477-field_15-description\" class=\"wpforms-field-description\"><a href=\"https:\/\/enjoybusiness.com.co\/wp-content\/uploads\/2025\/04\/ENJ-DE-M-01-Manual-para-el-tratamiento-de-datos-personales.pdf\">Lea aqu\u00ed nuestra pol\u00edtica de datos personales<\/a>.<\/div><\/fieldset><\/div><script>\n\t\t\t\t( function() {\n\t\t\t\t\tconst style = document.createElement( 'style' );\n\t\t\t\t\tstyle.appendChild( document.createTextNode( '#wpforms-6477-field_1-container { position: absolute !important; overflow: hidden !important; display: inline !important; height: 1px !important; width: 1px !important; z-index: -1000 !important; padding: 0 !important; } #wpforms-6477-field_1-container input { visibility: hidden; } #wpforms-conversational-form-page #wpforms-6477-field_1-container label { counter-increment: none; }' ) );\n\t\t\t\t\tdocument.head.appendChild( style );\n\t\t\t\t\tdocument.currentScript?.remove();\n\t\t\t\t} )();\n\t\t\t<\/script><\/div><!-- .wpforms-field-container --><div class=\"wpforms-submit-container\" ><input type=\"hidden\" name=\"wpforms[id]\" value=\"6477\"><input type=\"hidden\" name=\"page_title\" value=\"\"><input type=\"hidden\" name=\"page_url\" value=\"https:\/\/enjoybusiness.com.co\/en\/wp-json\/wp\/v2\/pages\/6496\"><input type=\"hidden\" name=\"url_referer\" value=\"\"><button type=\"submit\" name=\"wpforms[submit]\" id=\"wpforms-submit-6477\" class=\"wpforms-submit\" data-alt-text=\"Enviando...\" data-submit-text=\"Enviar\" aria-live=\"assertive\" value=\"wpforms-submit\">SEND<\/button><img decoding=\"async\" src=\"https:\/\/enjoybusiness.com.co\/wp-content\/plugins\/wpforms-lite\/assets\/images\/submit-spin.svg\" class=\"wpforms-submit-spinner\" style=\"display: none;\" width=\"26\" height=\"26\" alt=\"Loading\"><\/div><input type=\"hidden\" name=\"trp-form-language\" value=\"en\"\/><\/form><\/div>  <!-- .wpforms-container -->\t\t\t\t<\/div>\n\t\t\t\t<\/div>\n\t\t\t\t\t<\/div>\n\t\t<\/div>\n\t\t\t\t\t<\/div>\n\t\t<\/section>\n\t\t\t\t<\/div>","protected":false},"excerpt":{"rendered":"<p>Solicitar una cotizaci\u00f3n Por favor, activa JavaScript en tu navegador para completar este formulario.Por favor, activa JavaScript en tu navegador [&hellip;]<\/p>","protected":false},"author":1,"featured_media":0,"parent":0,"menu_order":0,"comment_status":"closed","ping_status":"closed","template":"","meta":{"site-sidebar-layout":"no-sidebar","site-content-layout":"","ast-site-content-layout":"full-width-container","site-content-style":"default","site-sidebar-style":"default","ast-global-header-display":"","ast-banner-title-visibility":"","ast-main-header-display":"","ast-hfb-above-header-display":"","ast-hfb-below-header-display":"","ast-hfb-mobile-header-display":"","site-post-title":"disabled","ast-breadcrumbs-content":"","ast-featured-img":"disabled","footer-sml-layout":"","theme-transparent-header-meta":"default","adv-header-id-meta":"","stick-header-meta":"","header-above-stick-meta":"","header-main-stick-meta":"","header-below-stick-meta":"","astra-migrate-meta-layouts":"set","ast-page-background-enabled":"default","ast-page-background-meta":{"desktop":{"background-color":"var(--ast-global-color-5)","background-image":"","background-repeat":"repeat","background-position":"center center","background-size":"auto","background-attachment":"scroll","background-type":"","background-media":"","overlay-type":"","overlay-color":"","overlay-opacity":"","overlay-gradient":""},"tablet":{"background-color":"","background-image":"","background-repeat":"repeat","background-position":"center center","background-size":"auto","background-attachment":"scroll","background-type":"","background-media":"","overlay-type":"","overlay-color":"","overlay-opacity":"","overlay-gradient":""},"mobile":{"background-color":"","background-image":"","background-repeat":"repeat","background-position":"center center","background-size":"auto","background-attachment":"scroll","background-type":"","background-media":"","overlay-type":"","overlay-color":"","overlay-opacity":"","overlay-gradient":""}},"ast-content-background-meta":{"desktop":{"background-color":"var(--ast-global-color-4)","background-image":"","background-repeat":"repeat","background-position":"center center","background-size":"auto","background-attachment":"scroll","background-type":"","background-media":"","overlay-type":"","overlay-color":"","overlay-opacity":"","overlay-gradient":""},"tablet":{"background-color":"var(--ast-global-color-4)","background-image":"","background-repeat":"repeat","background-position":"center center","background-size":"auto","background-attachment":"scroll","background-type":"","background-media":"","overlay-type":"","overlay-color":"","overlay-opacity":"","overlay-gradient":""},"mobile":{"background-color":"var(--ast-global-color-4)","background-image":"","background-repeat":"repeat","background-position":"center center","background-size":"auto","background-attachment":"scroll","background-type":"","background-media":"","overlay-type":"","overlay-color":"","overlay-opacity":"","overlay-gradient":""}},"footnotes":""},"class_list":["post-6496","page","type-page","status-publish","hentry"],"yoast_head":"<!-- This site is optimized with the Yoast SEO plugin v25.6 - https:\/\/yoast.com\/wordpress\/plugins\/seo\/ -->\n<title>Solicitud -<\/title>\n<meta name=\"robots\" content=\"index, follow, max-snippet:-1, max-image-preview:large, max-video-preview:-1\" \/>\n<link rel=\"canonical\" href=\"https:\/\/enjoybusiness.com.co\/en\/solicitud\/\" \/>\n<meta property=\"og:locale\" content=\"en_US\" \/>\n<meta property=\"og:type\" content=\"article\" \/>\n<meta property=\"og:title\" content=\"Solicitud -\" \/>\n<meta property=\"og:description\" content=\"Solicitar una cotizaci\u00f3n Por favor, activa JavaScript en tu navegador para completar este formulario.Por favor, activa JavaScript en tu navegador [&hellip;]\" \/>\n<meta property=\"og:url\" content=\"https:\/\/enjoybusiness.com.co\/en\/solicitud\/\" \/>\n<meta property=\"article:modified_time\" content=\"2025-08-21T19:58:23+00:00\" \/>\n<meta property=\"og:image\" content=\"https:\/\/enjoybusiness.com.co\/wp-content\/plugins\/wpforms-lite\/assets\/images\/submit-spin.svg\" \/>\n<meta name=\"twitter:card\" content=\"summary_large_image\" \/>\n<meta name=\"twitter:label1\" content=\"Est. reading time\" \/>\n\t<meta name=\"twitter:data1\" content=\"1 minute\" \/>\n<script type=\"application\/ld+json\" class=\"yoast-schema-graph\">{\"@context\":\"https:\/\/schema.org\",\"@graph\":[{\"@type\":\"WebPage\",\"@id\":\"https:\/\/enjoybusiness.com.co\/solicitud\/\",\"url\":\"https:\/\/enjoybusiness.com.co\/solicitud\/\",\"name\":\"Solicitud -\",\"isPartOf\":{\"@id\":\"https:\/\/enjoybusiness.com.co\/en\/#website\"},\"primaryImageOfPage\":{\"@id\":\"https:\/\/enjoybusiness.com.co\/solicitud\/#primaryimage\"},\"image\":{\"@id\":\"https:\/\/enjoybusiness.com.co\/solicitud\/#primaryimage\"},\"thumbnailUrl\":\"https:\/\/enjoybusiness.com.co\/wp-content\/plugins\/wpforms-lite\/assets\/images\/submit-spin.svg\",\"datePublished\":\"2025-02-21T16:47:00+00:00\",\"dateModified\":\"2025-08-21T19:58:23+00:00\",\"breadcrumb\":{\"@id\":\"https:\/\/enjoybusiness.com.co\/solicitud\/#breadcrumb\"},\"inLanguage\":\"en-US\",\"potentialAction\":[{\"@type\":\"ReadAction\",\"target\":[\"https:\/\/enjoybusiness.com.co\/solicitud\/\"]}]},{\"@type\":\"ImageObject\",\"inLanguage\":\"en-US\",\"@id\":\"https:\/\/enjoybusiness.com.co\/solicitud\/#primaryimage\",\"url\":\"https:\/\/enjoybusiness.com.co\/wp-content\/plugins\/wpforms-lite\/assets\/images\/submit-spin.svg\",\"contentUrl\":\"https:\/\/enjoybusiness.com.co\/wp-content\/plugins\/wpforms-lite\/assets\/images\/submit-spin.svg\"},{\"@type\":\"BreadcrumbList\",\"@id\":\"https:\/\/enjoybusiness.com.co\/solicitud\/#breadcrumb\",\"itemListElement\":[{\"@type\":\"ListItem\",\"position\":1,\"name\":\"Enjoy Business\",\"item\":\"https:\/\/enjoybusiness.com.co\/\"},{\"@type\":\"ListItem\",\"position\":2,\"name\":\"Solicitud\"}]},{\"@type\":\"WebSite\",\"@id\":\"https:\/\/enjoybusiness.com.co\/en\/#website\",\"url\":\"https:\/\/enjoybusiness.com.co\/en\/\",\"name\":\"\",\"description\":\"Especialistas globales y locales en servicios de transporte a\u00e9reo, mar\u00edtimo y por carretera, soluciones log\u00edsticas y servicio de aduana\",\"publisher\":{\"@id\":\"https:\/\/enjoybusiness.com.co\/en\/#organization\"},\"potentialAction\":[{\"@type\":\"SearchAction\",\"target\":{\"@type\":\"EntryPoint\",\"urlTemplate\":\"https:\/\/enjoybusiness.com.co\/en\/?s={search_term_string}\"},\"query-input\":{\"@type\":\"PropertyValueSpecification\",\"valueRequired\":true,\"valueName\":\"search_term_string\"}}],\"inLanguage\":\"en-US\"},{\"@type\":\"Organization\",\"@id\":\"https:\/\/enjoybusiness.com.co\/en\/#organization\",\"name\":\"Enjoy Business\",\"url\":\"https:\/\/enjoybusiness.com.co\/en\/\",\"logo\":{\"@type\":\"ImageObject\",\"inLanguage\":\"en-US\",\"@id\":\"https:\/\/enjoybusiness.com.co\/en\/#\/schema\/logo\/image\/\",\"url\":\"https:\/\/enjoybusiness.com.co\/wp-content\/uploads\/2021\/06\/logo-enjoy-business.png\",\"contentUrl\":\"https:\/\/enjoybusiness.com.co\/wp-content\/uploads\/2021\/06\/logo-enjoy-business.png\",\"width\":289,\"height\":96,\"caption\":\"Enjoy Business\"},\"image\":{\"@id\":\"https:\/\/enjoybusiness.com.co\/en\/#\/schema\/logo\/image\/\"}}]}<\/script>\n<!-- \/ Yoast SEO plugin. -->","yoast_head_json":{"title":"Solicitud -","robots":{"index":"index","follow":"follow","max-snippet":"max-snippet:-1","max-image-preview":"max-image-preview:large","max-video-preview":"max-video-preview:-1"},"canonical":"https:\/\/enjoybusiness.com.co\/en\/solicitud\/","og_locale":"en_US","og_type":"article","og_title":"Solicitud -","og_description":"Solicitar una cotizaci\u00f3n Por favor, activa JavaScript en tu navegador para completar este formulario.Por favor, activa JavaScript en tu navegador [&hellip;]","og_url":"https:\/\/enjoybusiness.com.co\/en\/solicitud\/","article_modified_time":"2025-08-21T19:58:23+00:00","og_image":[{"url":"https:\/\/enjoybusiness.com.co\/wp-content\/plugins\/wpforms-lite\/assets\/images\/submit-spin.svg","type":"","width":"","height":""}],"twitter_card":"summary_large_image","twitter_misc":{"Est. reading time":"1 minute"},"schema":{"@context":"https:\/\/schema.org","@graph":[{"@type":"WebPage","@id":"https:\/\/enjoybusiness.com.co\/solicitud\/","url":"https:\/\/enjoybusiness.com.co\/solicitud\/","name":"Solicitud -","isPartOf":{"@id":"https:\/\/enjoybusiness.com.co\/en\/#website"},"primaryImageOfPage":{"@id":"https:\/\/enjoybusiness.com.co\/solicitud\/#primaryimage"},"image":{"@id":"https:\/\/enjoybusiness.com.co\/solicitud\/#primaryimage"},"thumbnailUrl":"https:\/\/enjoybusiness.com.co\/wp-content\/plugins\/wpforms-lite\/assets\/images\/submit-spin.svg","datePublished":"2025-02-21T16:47:00+00:00","dateModified":"2025-08-21T19:58:23+00:00","breadcrumb":{"@id":"https:\/\/enjoybusiness.com.co\/solicitud\/#breadcrumb"},"inLanguage":"en-US","potentialAction":[{"@type":"ReadAction","target":["https:\/\/enjoybusiness.com.co\/solicitud\/"]}]},{"@type":"ImageObject","inLanguage":"en-US","@id":"https:\/\/enjoybusiness.com.co\/solicitud\/#primaryimage","url":"https:\/\/enjoybusiness.com.co\/wp-content\/plugins\/wpforms-lite\/assets\/images\/submit-spin.svg","contentUrl":"https:\/\/enjoybusiness.com.co\/wp-content\/plugins\/wpforms-lite\/assets\/images\/submit-spin.svg"},{"@type":"BreadcrumbList","@id":"https:\/\/enjoybusiness.com.co\/solicitud\/#breadcrumb","itemListElement":[{"@type":"ListItem","position":1,"name":"Enjoy Business","item":"https:\/\/enjoybusiness.com.co\/"},{"@type":"ListItem","position":2,"name":"Solicitud"}]},{"@type":"WebSite","@id":"https:\/\/enjoybusiness.com.co\/en\/#website","url":"https:\/\/enjoybusiness.com.co\/en\/","name":"","description":"Especialistas globales y locales en servicios de transporte a\u00e9reo, mar\u00edtimo y por carretera, soluciones log\u00edsticas y servicio de aduana","publisher":{"@id":"https:\/\/enjoybusiness.com.co\/en\/#organization"},"potentialAction":[{"@type":"SearchAction","target":{"@type":"EntryPoint","urlTemplate":"https:\/\/enjoybusiness.com.co\/en\/?s={search_term_string}"},"query-input":{"@type":"PropertyValueSpecification","valueRequired":true,"valueName":"search_term_string"}}],"inLanguage":"en-US"},{"@type":"Organization","@id":"https:\/\/enjoybusiness.com.co\/en\/#organization","name":"Enjoy Business","url":"https:\/\/enjoybusiness.com.co\/en\/","logo":{"@type":"ImageObject","inLanguage":"en-US","@id":"https:\/\/enjoybusiness.com.co\/en\/#\/schema\/logo\/image\/","url":"https:\/\/enjoybusiness.com.co\/wp-content\/uploads\/2021\/06\/logo-enjoy-business.png","contentUrl":"https:\/\/enjoybusiness.com.co\/wp-content\/uploads\/2021\/06\/logo-enjoy-business.png","width":289,"height":96,"caption":"Enjoy Business"},"image":{"@id":"https:\/\/enjoybusiness.com.co\/en\/#\/schema\/logo\/image\/"}}]}},"_links":{"self":[{"href":"https:\/\/enjoybusiness.com.co\/en\/wp-json\/wp\/v2\/pages\/6496","targetHints":{"allow":["GET"]}}],"collection":[{"href":"https:\/\/enjoybusiness.com.co\/en\/wp-json\/wp\/v2\/pages"}],"about":[{"href":"https:\/\/enjoybusiness.com.co\/en\/wp-json\/wp\/v2\/types\/page"}],"author":[{"embeddable":true,"href":"https:\/\/enjoybusiness.com.co\/en\/wp-json\/wp\/v2\/users\/1"}],"replies":[{"embeddable":true,"href":"https:\/\/enjoybusiness.com.co\/en\/wp-json\/wp\/v2\/comments?post=6496"}],"version-history":[{"count":0,"href":"https:\/\/enjoybusiness.com.co\/en\/wp-json\/wp\/v2\/pages\/6496\/revisions"}],"wp:attachment":[{"href":"https:\/\/enjoybusiness.com.co\/en\/wp-json\/wp\/v2\/media?parent=6496"}],"curies":[{"name":"wp","href":"https:\/\/api.w.org\/{rel}","templated":true}]}}