{"id":6518,"date":"2025-02-21T17:06:17","date_gmt":"2025-02-21T17:06:17","guid":{"rendered":"https:\/\/enjoybusiness.com.co\/?page_id=6518"},"modified":"2025-03-07T18:02:46","modified_gmt":"2025-03-07T18:02:46","slug":"nuestro-proposito","status":"publish","type":"page","link":"https:\/\/enjoybusiness.com.co\/en\/nuestro-proposito\/","title":{"rendered":"Our purpose"},"content":{"rendered":"<div data-elementor-type=\"wp-page\" data-elementor-id=\"6518\" class=\"elementor elementor-6518\" data-elementor-settings=\"{&quot;ha_cmc_init_switcher&quot;:&quot;no&quot;}\">\n\t\t\t\t\t\t<section class=\"elementor-section elementor-top-section elementor-element elementor-element-d894600 elementor-section-boxed elementor-section-height-default elementor-section-height-default\" data-id=\"d894600\" data-element_type=\"section\" data-settings=\"{&quot;_ha_eqh_enable&quot;:false}\">\n\t\t\t\t\t\t<div class=\"elementor-container elementor-column-gap-default\">\n\t\t\t\t\t<div class=\"elementor-column elementor-col-100 elementor-top-column elementor-element elementor-element-c33765b\" data-id=\"c33765b\" data-element_type=\"column\">\n\t\t\t<div class=\"elementor-widget-wrap elementor-element-populated\">\n\t\t\t\t\t\t<div class=\"elementor-element elementor-element-4ac86aa elementor-widget elementor-widget-heading\" data-id=\"4ac86aa\" data-element_type=\"widget\" data-widget_type=\"heading.default\">\n\t\t\t\t<div class=\"elementor-widget-container\">\n\t\t\t\t\t<h2 class=\"elementor-heading-title elementor-size-default\">Our purpose<\/h2>\t\t\t\t<\/div>\n\t\t\t\t<\/div>\n\t\t\t\t\t<\/div>\n\t\t<\/div>\n\t\t\t\t\t<\/div>\n\t\t<\/section>\n\t\t\t\t<section class=\"elementor-section elementor-top-section elementor-element elementor-element-80ca5ee elementor-section-boxed elementor-section-height-default elementor-section-height-default\" data-id=\"80ca5ee\" data-element_type=\"section\" data-settings=\"{&quot;_ha_eqh_enable&quot;:false}\">\n\t\t\t\t\t\t<div class=\"elementor-container elementor-column-gap-default\">\n\t\t\t\t\t<div class=\"elementor-column elementor-col-50 elementor-top-column elementor-element elementor-element-ecb7bfa\" data-id=\"ecb7bfa\" data-element_type=\"column\">\n\t\t\t<div class=\"elementor-widget-wrap elementor-element-populated\">\n\t\t\t\t\t\t<div class=\"elementor-element elementor-element-9bd362c elementor-widget elementor-widget-text-editor\" data-id=\"9bd362c\" data-element_type=\"widget\" data-widget_type=\"text-editor.default\">\n\t\t\t\t<div class=\"elementor-widget-container\">\n\t\t\t\t\t\t\t\t\t<p class=\"translation-block\">You can rest assured that our logistics and transport services are both reliable and trustworthy. We prioritise customer satisfaction throughout all stages of the process, from initial consultation to final delivery, ensuring a seamless and worry-free experience.\nWe have updated our visual identity to reflect our core values. The letter 'y' in 'ENJOY' has been transformed into an icon symbolising the point of arrival, representing the successful completion of each shipment. Furthermore, the central figure (E) has been divided into three shapes, each symbolising a core concept of our brand.<\/p>\t\t\t\t\t\t\t\t<\/div>\n\t\t\t\t<\/div>\n\t\t\t\t\t<\/div>\n\t\t<\/div>\n\t\t\t\t<div class=\"elementor-column elementor-col-50 elementor-top-column elementor-element elementor-element-32dcc97\" data-id=\"32dcc97\" data-element_type=\"column\">\n\t\t\t<div class=\"elementor-widget-wrap elementor-element-populated\">\n\t\t\t\t\t\t<div class=\"elementor-element elementor-element-f4c6a6b elementor-widget elementor-widget-image\" data-id=\"f4c6a6b\" data-element_type=\"widget\" data-widget_type=\"image.default\">\n\t\t\t\t<div class=\"elementor-widget-container\">\n\t\t\t\t\t\t\t\t\t\t\t\t\t\t\t<img fetchpriority=\"high\" decoding=\"async\" width=\"1024\" height=\"676\" src=\"https:\/\/enjoybusiness.com.co\/wp-content\/uploads\/2025\/03\/logo-explicacion-web-1024x676.png\" class=\"attachment-large size-large wp-image-6606\" alt=\"\" srcset=\"https:\/\/enjoybusiness.com.co\/wp-content\/uploads\/2025\/03\/logo-explicacion-web-1024x676.png 1024w, https:\/\/enjoybusiness.com.co\/wp-content\/uploads\/2025\/03\/logo-explicacion-web-300x198.png 300w, https:\/\/enjoybusiness.com.co\/wp-content\/uploads\/2025\/03\/logo-explicacion-web-768x507.png 768w, https:\/\/enjoybusiness.com.co\/wp-content\/uploads\/2025\/03\/logo-explicacion-web-1536x1014.png 1536w, https:\/\/enjoybusiness.com.co\/wp-content\/uploads\/2025\/03\/logo-explicacion-web-2048x1352.png 2048w\" sizes=\"(max-width: 1024px) 100vw, 1024px\" \/>\t\t\t\t\t\t\t\t\t\t\t\t\t\t\t<\/div>\n\t\t\t\t<\/div>\n\t\t\t\t<div class=\"elementor-element elementor-element-145782f elementor-widget elementor-widget-ha-site-logo happy-addon ha-site-logo\" data-id=\"145782f\" data-element_type=\"widget\" data-widget_type=\"ha-site-logo.default\">\n\t\t\t\t<div class=\"elementor-widget-container\">\n\t\t\t\t\t<a href=\"https:\/\/enjoybusiness.com.co\/en\/\" class=\"custom-logo-link\" rel=\"home\"><img decoding=\"async\" width=\"1999\" height=\"173\" src=\"https:\/\/enjoybusiness.com.co\/wp-content\/uploads\/2025\/02\/cropped-cropped-COLOR-394x34.png\" class=\"custom-logo\" alt=\"\" srcset=\"https:\/\/enjoybusiness.com.co\/wp-content\/uploads\/2025\/02\/cropped-cropped-COLOR.png 1999w, https:\/\/enjoybusiness.com.co\/wp-content\/uploads\/2025\/02\/cropped-cropped-COLOR-300x26.png 300w, https:\/\/enjoybusiness.com.co\/wp-content\/uploads\/2025\/02\/cropped-cropped-COLOR-1024x89.png 1024w, https:\/\/enjoybusiness.com.co\/wp-content\/uploads\/2025\/02\/cropped-cropped-COLOR-768x66.png 768w, https:\/\/enjoybusiness.com.co\/wp-content\/uploads\/2025\/02\/cropped-cropped-COLOR-1536x133.png 1536w, https:\/\/enjoybusiness.com.co\/wp-content\/uploads\/2025\/02\/cropped-cropped-COLOR-18x2.png 18w, https:\/\/enjoybusiness.com.co\/wp-content\/uploads\/2025\/02\/cropped-cropped-COLOR-394x34.png 394w\" sizes=\"(max-width: 1999px) 100vw, 1999px\" \/><\/a>\t\t\t\t<\/div>\n\t\t\t\t<\/div>\n\t\t\t\t\t<\/div>\n\t\t<\/div>\n\t\t\t\t\t<\/div>\n\t\t<\/section>\n\t\t\t\t<section class=\"elementor-section elementor-top-section elementor-element elementor-element-6026f1e elementor-section-boxed elementor-section-height-default elementor-section-height-default\" data-id=\"6026f1e\" data-element_type=\"section\" data-settings=\"{&quot;background_background&quot;:&quot;classic&quot;,&quot;_ha_eqh_enable&quot;:false}\">\n\t\t\t\t\t\t<div class=\"elementor-container elementor-column-gap-default\">\n\t\t\t\t\t<div class=\"elementor-column elementor-col-50 elementor-top-column elementor-element elementor-element-d85537b\" data-id=\"d85537b\" data-element_type=\"column\">\n\t\t\t<div class=\"elementor-widget-wrap elementor-element-populated\">\n\t\t\t\t\t\t<div class=\"elementor-element elementor-element-8fcbf26 elementor-widget elementor-widget-text-editor\" data-id=\"8fcbf26\" data-element_type=\"widget\" data-widget_type=\"text-editor.default\">\n\t\t\t\t<div class=\"elementor-widget-container\">\n\t\t\t\t\t\t\t\t\t<p class=\"m_1843961640687503672MsoListParagraph\">With us, you can rest assured our service will ensure the safe transportation of your goods and provide the peace of mind you deserve.<strong> We are your trusted partners on the road, ensuring a journey full of comfort, safety and joy!<\/strong><u><\/u><u><\/u><\/p>\t\t\t\t\t\t\t\t<\/div>\n\t\t\t\t<\/div>\n\t\t\t\t<section class=\"elementor-section elementor-inner-section elementor-element elementor-element-9941e19 elementor-section-boxed elementor-section-height-default elementor-section-height-default\" data-id=\"9941e19\" data-element_type=\"section\" data-settings=\"{&quot;_ha_eqh_enable&quot;:false}\">\n\t\t\t\t\t\t<div class=\"elementor-container elementor-column-gap-default\">\n\t\t\t\t\t<div class=\"elementor-column elementor-col-50 elementor-inner-column elementor-element elementor-element-bbdc675\" data-id=\"bbdc675\" data-element_type=\"column\">\n\t\t\t<div class=\"elementor-widget-wrap elementor-element-populated\">\n\t\t\t\t\t\t<div class=\"elementor-element elementor-element-562682e elementor-widget elementor-widget-image\" data-id=\"562682e\" data-element_type=\"widget\" data-widget_type=\"image.default\">\n\t\t\t\t<div class=\"elementor-widget-container\">\n\t\t\t\t\t\t\t\t\t\t\t\t\t\t\t<img decoding=\"async\" width=\"1024\" height=\"1024\" src=\"https:\/\/enjoybusiness.com.co\/wp-content\/uploads\/2025\/02\/UBICACION-COLOR-1024x1024.png\" class=\"attachment-large size-large wp-image-6458\" alt=\"\" srcset=\"https:\/\/enjoybusiness.com.co\/wp-content\/uploads\/2025\/02\/UBICACION-COLOR-1024x1024.png 1024w, https:\/\/enjoybusiness.com.co\/wp-content\/uploads\/2025\/02\/UBICACION-COLOR-300x300.png 300w, https:\/\/enjoybusiness.com.co\/wp-content\/uploads\/2025\/02\/UBICACION-COLOR-150x150.png 150w, https:\/\/enjoybusiness.com.co\/wp-content\/uploads\/2025\/02\/UBICACION-COLOR-768x768.png 768w, https:\/\/enjoybusiness.com.co\/wp-content\/uploads\/2025\/02\/UBICACION-COLOR.png 1081w\" sizes=\"(max-width: 1024px) 100vw, 1024px\" \/>\t\t\t\t\t\t\t\t\t\t\t\t\t\t\t<\/div>\n\t\t\t\t<\/div>\n\t\t\t\t\t<\/div>\n\t\t<\/div>\n\t\t\t\t<div class=\"elementor-column elementor-col-50 elementor-inner-column elementor-element elementor-element-4f08bf4\" data-id=\"4f08bf4\" data-element_type=\"column\">\n\t\t\t<div class=\"elementor-widget-wrap elementor-element-populated\">\n\t\t\t\t\t\t<div class=\"elementor-element elementor-element-d81e558 elementor-widget elementor-widget-text-editor\" data-id=\"d81e558\" data-element_type=\"widget\" data-widget_type=\"text-editor.default\">\n\t\t\t\t<div class=\"elementor-widget-container\">\n\t\t\t\t\t\t\t\t\t<p>Our logo is an innovative combination of two elements: line and dot. These symbolise the complete journey of your goods, from start to finish.\u00a0<\/p>\t\t\t\t\t\t\t\t<\/div>\n\t\t\t\t<\/div>\n\t\t\t\t\t<\/div>\n\t\t<\/div>\n\t\t\t\t\t<\/div>\n\t\t<\/section>\n\t\t\t\t\t<\/div>\n\t\t<\/div>\n\t\t\t\t<div class=\"elementor-column elementor-col-50 elementor-top-column elementor-element elementor-element-72453dc\" data-id=\"72453dc\" data-element_type=\"column\">\n\t\t\t<div class=\"elementor-widget-wrap elementor-element-populated\">\n\t\t\t\t\t\t<div class=\"elementor-element elementor-element-fe3b7ca elementor-widget elementor-widget-image\" data-id=\"fe3b7ca\" data-element_type=\"widget\" data-widget_type=\"image.default\">\n\t\t\t\t<div class=\"elementor-widget-container\">\n\t\t\t\t\t\t\t\t\t\t\t\t\t\t\t<img loading=\"lazy\" decoding=\"async\" width=\"1024\" height=\"172\" src=\"https:\/\/enjoybusiness.com.co\/wp-content\/uploads\/2025\/02\/logo-explicacion-e1740107459611-1024x172.png\" class=\"attachment-large size-large wp-image-6459\" alt=\"\" srcset=\"https:\/\/enjoybusiness.com.co\/wp-content\/uploads\/2025\/02\/logo-explicacion-e1740107459611-1024x172.png 1024w, https:\/\/enjoybusiness.com.co\/wp-content\/uploads\/2025\/02\/logo-explicacion-e1740107459611-300x50.png 300w, https:\/\/enjoybusiness.com.co\/wp-content\/uploads\/2025\/02\/logo-explicacion-e1740107459611-768x129.png 768w, https:\/\/enjoybusiness.com.co\/wp-content\/uploads\/2025\/02\/logo-explicacion-e1740107459611-1536x258.png 1536w, https:\/\/enjoybusiness.com.co\/wp-content\/uploads\/2025\/02\/logo-explicacion-e1740107459611-2048x344.png 2048w\" sizes=\"(max-width: 1024px) 100vw, 1024px\" \/>\t\t\t\t\t\t\t\t\t\t\t\t\t\t\t<\/div>\n\t\t\t\t<\/div>\n\t\t\t\t<div class=\"elementor-element elementor-element-1a63ed2 elementor-widget elementor-widget-text-editor\" data-id=\"1a63ed2\" data-element_type=\"widget\" data-widget_type=\"text-editor.default\">\n\t\t\t\t<div class=\"elementor-widget-container\">\n\t\t\t\t\t\t\t\t\t<p class=\"m_1843961640687503672MsoListParagraph translation-block\">You can rest assured that our logistics and transport services are both reliable and trustworthy. We prioritise customer satisfaction throughout all stages of the process, from initial consultation to final delivery, ensuring a seamless and worry-free experience.\nWe have updated our visual identity to reflect our core values. The letter 'y' in 'ENJOY' has been transformed into an icon symbolising the point of arrival, representing the successful completion of each shipment. Furthermore, the central figure (E) has been divided into three shapes, each symbolising a core concept of our brand.<\/p><p class=\"m_1843961640687503672MsoListParagraph translation-block\">\u00a1With ENJOY, you can rest assured that your products are in the very best hands!<\/p>\t\t\t\t\t\t\t\t<\/div>\n\t\t\t\t<\/div>\n\t\t\t\t\t<\/div>\n\t\t<\/div>\n\t\t\t\t\t<\/div>\n\t\t<\/section>\n\t\t\t\t<section class=\"elementor-section elementor-top-section elementor-element elementor-element-a012600 elementor-section-boxed elementor-section-height-default elementor-section-height-default\" data-id=\"a012600\" data-element_type=\"section\" data-settings=\"{&quot;_ha_eqh_enable&quot;:false}\">\n\t\t\t\t\t\t<div class=\"elementor-container elementor-column-gap-default\">\n\t\t\t\t\t<div class=\"elementor-column elementor-col-50 elementor-top-column elementor-element elementor-element-6451048\" data-id=\"6451048\" data-element_type=\"column\">\n\t\t\t<div class=\"elementor-widget-wrap elementor-element-populated\">\n\t\t\t\t\t\t<div class=\"elementor-element elementor-element-45daa10 elementor-widget elementor-widget-heading\" data-id=\"45daa10\" data-element_type=\"widget\" data-widget_type=\"heading.default\">\n\t\t\t\t<div class=\"elementor-widget-container\">\n\t\t\t\t\t<h2 class=\"elementor-heading-title elementor-size-default\">\"The key to our success lies in offering you effective solutions and earning your trust.\"<\/h2>\t\t\t\t<\/div>\n\t\t\t\t<\/div>\n\t\t\t\t\t<\/div>\n\t\t<\/div>\n\t\t\t\t<div class=\"elementor-column elementor-col-50 elementor-top-column elementor-element elementor-element-bc73df3\" data-id=\"bc73df3\" data-element_type=\"column\">\n\t\t\t<div class=\"elementor-widget-wrap elementor-element-populated\">\n\t\t\t\t\t\t<div data-ha-element-link=\"{&quot;url&quot;:&quot;https:\\\/\\\/www.jctrans.com\\\/en\\\/sem?prjId=273636&#038;gad_source=1&#038;gclid=Cj0KCQiAwtu9BhC8ARIsAI9JHamdiq1WF8GkoroV9fE-vRV14SB8MVWXYJMtF82BqNO22q5ah6QBxbIaAhkFEALw_wcB&quot;,&quot;is_external&quot;:&quot;&quot;,&quot;nofollow&quot;:&quot;&quot;}\" style=\"cursor: pointer\" class=\"elementor-element elementor-element-eea3c42 elementor-widget elementor-widget-image\" data-id=\"eea3c42\" data-element_type=\"widget\" data-widget_type=\"image.default\">\n\t\t\t\t<div class=\"elementor-widget-container\">\n\t\t\t\t\t\t\t\t\t\t\t\t\t\t\t<img loading=\"lazy\" decoding=\"async\" width=\"500\" height=\"220\" src=\"https:\/\/enjoybusiness.com.co\/wp-content\/uploads\/2025\/02\/image009.png\" class=\"attachment-large size-large wp-image-6451\" alt=\"\" srcset=\"https:\/\/enjoybusiness.com.co\/wp-content\/uploads\/2025\/02\/image009.png 500w, https:\/\/enjoybusiness.com.co\/wp-content\/uploads\/2025\/02\/image009-300x132.png 300w\" sizes=\"(max-width: 500px) 100vw, 500px\" \/>\t\t\t\t\t\t\t\t\t\t\t\t\t\t\t<\/div>\n\t\t\t\t<\/div>\n\t\t\t\t\t<\/div>\n\t\t<\/div>\n\t\t\t\t\t<\/div>\n\t\t<\/section>\n\t\t\t\t<\/div>","protected":false},"excerpt":{"rendered":"<p>Nuestro Prop\u00f3sito Encuentra la tranquilidad y confianza que ofrecemos en nuestros servicios log\u00edsticos y de transporte. Desde el primer contacto [&hellip;]<\/p>","protected":false},"author":1,"featured_media":0,"parent":0,"menu_order":0,"comment_status":"closed","ping_status":"closed","template":"","meta":{"site-sidebar-layout":"no-sidebar","site-content-layout":"","ast-site-content-layout":"full-width-container","site-content-style":"default","site-sidebar-style":"default","ast-global-header-display":"","ast-banner-title-visibility":"","ast-main-header-display":"","ast-hfb-above-header-display":"","ast-hfb-below-header-display":"","ast-hfb-mobile-header-display":"","site-post-title":"disabled","ast-breadcrumbs-content":"","ast-featured-img":"disabled","footer-sml-layout":"","theme-transparent-header-meta":"","adv-header-id-meta":"","stick-header-meta":"","header-above-stick-meta":"","header-main-stick-meta":"","header-below-stick-meta":"","astra-migrate-meta-layouts":"default","ast-page-background-enabled":"default","ast-page-background-meta":{"desktop":{"background-color":"var(--ast-global-color-5)","background-image":"","background-repeat":"repeat","background-position":"center center","background-size":"auto","background-attachment":"scroll","background-type":"","background-media":"","overlay-type":"","overlay-color":"","overlay-opacity":"","overlay-gradient":""},"tablet":{"background-color":"","background-image":"","background-repeat":"repeat","background-position":"center center","background-size":"auto","background-attachment":"scroll","background-type":"","background-media":"","overlay-type":"","overlay-color":"","overlay-opacity":"","overlay-gradient":""},"mobile":{"background-color":"","background-image":"","background-repeat":"repeat","background-position":"center center","background-size":"auto","background-attachment":"scroll","background-type":"","background-media":"","overlay-type":"","overlay-color":"","overlay-opacity":"","overlay-gradient":""}},"ast-content-background-meta":{"desktop":{"background-color":"var(--ast-global-color-4)","background-image":"","background-repeat":"repeat","background-position":"center center","background-size":"auto","background-attachment":"scroll","background-type":"","background-media":"","overlay-type":"","overlay-color":"","overlay-opacity":"","overlay-gradient":""},"tablet":{"background-color":"var(--ast-global-color-4)","background-image":"","background-repeat":"repeat","background-position":"center center","background-size":"auto","background-attachment":"scroll","background-type":"","background-media":"","overlay-type":"","overlay-color":"","overlay-opacity":"","overlay-gradient":""},"mobile":{"background-color":"var(--ast-global-color-4)","background-image":"","background-repeat":"repeat","background-position":"center center","background-size":"auto","background-attachment":"scroll","background-type":"","background-media":"","overlay-type":"","overlay-color":"","overlay-opacity":"","overlay-gradient":""}},"footnotes":""},"class_list":["post-6518","page","type-page","status-publish","hentry"],"yoast_head":"<!-- This site is optimized with the Yoast SEO plugin v25.6 - https:\/\/yoast.com\/wordpress\/plugins\/seo\/ -->\n<title>Nuestro prop\u00f3sito -<\/title>\n<meta name=\"robots\" content=\"index, follow, max-snippet:-1, max-image-preview:large, max-video-preview:-1\" \/>\n<link rel=\"canonical\" href=\"https:\/\/enjoybusiness.com.co\/en\/nuestro-proposito\/\" \/>\n<meta property=\"og:locale\" content=\"en_US\" \/>\n<meta property=\"og:type\" content=\"article\" \/>\n<meta property=\"og:title\" content=\"Nuestro prop\u00f3sito -\" \/>\n<meta property=\"og:description\" content=\"Nuestro Prop\u00f3sito Encuentra la tranquilidad y confianza que ofrecemos en nuestros servicios log\u00edsticos y de transporte. Desde el primer contacto [&hellip;]\" \/>\n<meta property=\"og:url\" content=\"https:\/\/enjoybusiness.com.co\/en\/nuestro-proposito\/\" \/>\n<meta property=\"article:modified_time\" content=\"2025-03-07T18:02:46+00:00\" \/>\n<meta property=\"og:image\" content=\"https:\/\/enjoybusiness.com.co\/wp-content\/uploads\/2025\/03\/logo-explicacion-web.png\" \/>\n\t<meta property=\"og:image:width\" content=\"3537\" \/>\n\t<meta property=\"og:image:height\" content=\"2335\" \/>\n\t<meta property=\"og:image:type\" content=\"image\/png\" \/>\n<meta name=\"twitter:card\" content=\"summary_large_image\" \/>\n<meta name=\"twitter:label1\" content=\"Est. reading time\" \/>\n\t<meta name=\"twitter:data1\" content=\"2 minutes\" \/>\n<script type=\"application\/ld+json\" class=\"yoast-schema-graph\">{\"@context\":\"https:\/\/schema.org\",\"@graph\":[{\"@type\":\"WebPage\",\"@id\":\"https:\/\/enjoybusiness.com.co\/nuestro-proposito\/\",\"url\":\"https:\/\/enjoybusiness.com.co\/nuestro-proposito\/\",\"name\":\"Nuestro prop\u00f3sito -\",\"isPartOf\":{\"@id\":\"https:\/\/enjoybusiness.com.co\/en\/#website\"},\"primaryImageOfPage\":{\"@id\":\"https:\/\/enjoybusiness.com.co\/nuestro-proposito\/#primaryimage\"},\"image\":{\"@id\":\"https:\/\/enjoybusiness.com.co\/nuestro-proposito\/#primaryimage\"},\"thumbnailUrl\":\"https:\/\/enjoybusiness.com.co\/wp-content\/uploads\/2025\/03\/logo-explicacion-web-1024x676.png\",\"datePublished\":\"2025-02-21T17:06:17+00:00\",\"dateModified\":\"2025-03-07T18:02:46+00:00\",\"breadcrumb\":{\"@id\":\"https:\/\/enjoybusiness.com.co\/nuestro-proposito\/#breadcrumb\"},\"inLanguage\":\"en-US\",\"potentialAction\":[{\"@type\":\"ReadAction\",\"target\":[\"https:\/\/enjoybusiness.com.co\/nuestro-proposito\/\"]}]},{\"@type\":\"ImageObject\",\"inLanguage\":\"en-US\",\"@id\":\"https:\/\/enjoybusiness.com.co\/nuestro-proposito\/#primaryimage\",\"url\":\"https:\/\/enjoybusiness.com.co\/wp-content\/uploads\/2025\/03\/logo-explicacion-web-1024x676.png\",\"contentUrl\":\"https:\/\/enjoybusiness.com.co\/wp-content\/uploads\/2025\/03\/logo-explicacion-web-1024x676.png\"},{\"@type\":\"BreadcrumbList\",\"@id\":\"https:\/\/enjoybusiness.com.co\/nuestro-proposito\/#breadcrumb\",\"itemListElement\":[{\"@type\":\"ListItem\",\"position\":1,\"name\":\"Enjoy Business\",\"item\":\"https:\/\/enjoybusiness.com.co\/\"},{\"@type\":\"ListItem\",\"position\":2,\"name\":\"Nuestro prop\u00f3sito\"}]},{\"@type\":\"WebSite\",\"@id\":\"https:\/\/enjoybusiness.com.co\/en\/#website\",\"url\":\"https:\/\/enjoybusiness.com.co\/en\/\",\"name\":\"\",\"description\":\"Especialistas globales y locales en servicios de transporte a\u00e9reo, mar\u00edtimo y por carretera, soluciones log\u00edsticas y servicio de aduana\",\"publisher\":{\"@id\":\"https:\/\/enjoybusiness.com.co\/en\/#organization\"},\"potentialAction\":[{\"@type\":\"SearchAction\",\"target\":{\"@type\":\"EntryPoint\",\"urlTemplate\":\"https:\/\/enjoybusiness.com.co\/en\/?s={search_term_string}\"},\"query-input\":{\"@type\":\"PropertyValueSpecification\",\"valueRequired\":true,\"valueName\":\"search_term_string\"}}],\"inLanguage\":\"en-US\"},{\"@type\":\"Organization\",\"@id\":\"https:\/\/enjoybusiness.com.co\/en\/#organization\",\"name\":\"Enjoy Business\",\"url\":\"https:\/\/enjoybusiness.com.co\/en\/\",\"logo\":{\"@type\":\"ImageObject\",\"inLanguage\":\"en-US\",\"@id\":\"https:\/\/enjoybusiness.com.co\/en\/#\/schema\/logo\/image\/\",\"url\":\"https:\/\/enjoybusiness.com.co\/wp-content\/uploads\/2021\/06\/logo-enjoy-business.png\",\"contentUrl\":\"https:\/\/enjoybusiness.com.co\/wp-content\/uploads\/2021\/06\/logo-enjoy-business.png\",\"width\":289,\"height\":96,\"caption\":\"Enjoy Business\"},\"image\":{\"@id\":\"https:\/\/enjoybusiness.com.co\/en\/#\/schema\/logo\/image\/\"}}]}<\/script>\n<!-- \/ Yoast SEO plugin. -->","yoast_head_json":{"title":"Nuestro prop\u00f3sito -","robots":{"index":"index","follow":"follow","max-snippet":"max-snippet:-1","max-image-preview":"max-image-preview:large","max-video-preview":"max-video-preview:-1"},"canonical":"https:\/\/enjoybusiness.com.co\/en\/nuestro-proposito\/","og_locale":"en_US","og_type":"article","og_title":"Nuestro prop\u00f3sito -","og_description":"Nuestro Prop\u00f3sito Encuentra la tranquilidad y confianza que ofrecemos en nuestros servicios log\u00edsticos y de transporte. Desde el primer contacto [&hellip;]","og_url":"https:\/\/enjoybusiness.com.co\/en\/nuestro-proposito\/","article_modified_time":"2025-03-07T18:02:46+00:00","og_image":[{"width":3537,"height":2335,"url":"https:\/\/enjoybusiness.com.co\/wp-content\/uploads\/2025\/03\/logo-explicacion-web.png","type":"image\/png"}],"twitter_card":"summary_large_image","twitter_misc":{"Est. reading time":"2 minutes"},"schema":{"@context":"https:\/\/schema.org","@graph":[{"@type":"WebPage","@id":"https:\/\/enjoybusiness.com.co\/nuestro-proposito\/","url":"https:\/\/enjoybusiness.com.co\/nuestro-proposito\/","name":"Nuestro prop\u00f3sito -","isPartOf":{"@id":"https:\/\/enjoybusiness.com.co\/en\/#website"},"primaryImageOfPage":{"@id":"https:\/\/enjoybusiness.com.co\/nuestro-proposito\/#primaryimage"},"image":{"@id":"https:\/\/enjoybusiness.com.co\/nuestro-proposito\/#primaryimage"},"thumbnailUrl":"https:\/\/enjoybusiness.com.co\/wp-content\/uploads\/2025\/03\/logo-explicacion-web-1024x676.png","datePublished":"2025-02-21T17:06:17+00:00","dateModified":"2025-03-07T18:02:46+00:00","breadcrumb":{"@id":"https:\/\/enjoybusiness.com.co\/nuestro-proposito\/#breadcrumb"},"inLanguage":"en-US","potentialAction":[{"@type":"ReadAction","target":["https:\/\/enjoybusiness.com.co\/nuestro-proposito\/"]}]},{"@type":"ImageObject","inLanguage":"en-US","@id":"https:\/\/enjoybusiness.com.co\/nuestro-proposito\/#primaryimage","url":"https:\/\/enjoybusiness.com.co\/wp-content\/uploads\/2025\/03\/logo-explicacion-web-1024x676.png","contentUrl":"https:\/\/enjoybusiness.com.co\/wp-content\/uploads\/2025\/03\/logo-explicacion-web-1024x676.png"},{"@type":"BreadcrumbList","@id":"https:\/\/enjoybusiness.com.co\/nuestro-proposito\/#breadcrumb","itemListElement":[{"@type":"ListItem","position":1,"name":"Enjoy Business","item":"https:\/\/enjoybusiness.com.co\/"},{"@type":"ListItem","position":2,"name":"Nuestro prop\u00f3sito"}]},{"@type":"WebSite","@id":"https:\/\/enjoybusiness.com.co\/en\/#website","url":"https:\/\/enjoybusiness.com.co\/en\/","name":"","description":"Especialistas globales y locales en servicios de transporte a\u00e9reo, mar\u00edtimo y por carretera, soluciones log\u00edsticas y servicio de aduana","publisher":{"@id":"https:\/\/enjoybusiness.com.co\/en\/#organization"},"potentialAction":[{"@type":"SearchAction","target":{"@type":"EntryPoint","urlTemplate":"https:\/\/enjoybusiness.com.co\/en\/?s={search_term_string}"},"query-input":{"@type":"PropertyValueSpecification","valueRequired":true,"valueName":"search_term_string"}}],"inLanguage":"en-US"},{"@type":"Organization","@id":"https:\/\/enjoybusiness.com.co\/en\/#organization","name":"Enjoy Business","url":"https:\/\/enjoybusiness.com.co\/en\/","logo":{"@type":"ImageObject","inLanguage":"en-US","@id":"https:\/\/enjoybusiness.com.co\/en\/#\/schema\/logo\/image\/","url":"https:\/\/enjoybusiness.com.co\/wp-content\/uploads\/2021\/06\/logo-enjoy-business.png","contentUrl":"https:\/\/enjoybusiness.com.co\/wp-content\/uploads\/2021\/06\/logo-enjoy-business.png","width":289,"height":96,"caption":"Enjoy Business"},"image":{"@id":"https:\/\/enjoybusiness.com.co\/en\/#\/schema\/logo\/image\/"}}]}},"_links":{"self":[{"href":"https:\/\/enjoybusiness.com.co\/en\/wp-json\/wp\/v2\/pages\/6518","targetHints":{"allow":["GET"]}}],"collection":[{"href":"https:\/\/enjoybusiness.com.co\/en\/wp-json\/wp\/v2\/pages"}],"about":[{"href":"https:\/\/enjoybusiness.com.co\/en\/wp-json\/wp\/v2\/types\/page"}],"author":[{"embeddable":true,"href":"https:\/\/enjoybusiness.com.co\/en\/wp-json\/wp\/v2\/users\/1"}],"replies":[{"embeddable":true,"href":"https:\/\/enjoybusiness.com.co\/en\/wp-json\/wp\/v2\/comments?post=6518"}],"version-history":[{"count":0,"href":"https:\/\/enjoybusiness.com.co\/en\/wp-json\/wp\/v2\/pages\/6518\/revisions"}],"wp:attachment":[{"href":"https:\/\/enjoybusiness.com.co\/en\/wp-json\/wp\/v2\/media?parent=6518"}],"curies":[{"name":"wp","href":"https:\/\/api.w.org\/{rel}","templated":true}]}}