{"id":6519,"date":"2025-02-21T17:06:17","date_gmt":"2025-02-21T17:06:17","guid":{"rendered":"https:\/\/enjoybusiness.com.co\/?page_id=6519"},"modified":"2025-07-15T21:50:07","modified_gmt":"2025-07-15T21:50:07","slug":"nuestros-valores","status":"publish","type":"page","link":"https:\/\/enjoybusiness.com.co\/en\/nuestros-valores\/","title":{"rendered":"corporate values"},"content":{"rendered":"<div data-elementor-type=\"wp-page\" data-elementor-id=\"6519\" class=\"elementor elementor-6519\" data-elementor-settings=\"{&quot;ha_cmc_init_switcher&quot;:&quot;no&quot;}\">\n\t\t\t\t\t\t<section class=\"elementor-section elementor-top-section elementor-element elementor-element-e795a44 elementor-section-boxed elementor-section-height-default elementor-section-height-default\" data-id=\"e795a44\" data-element_type=\"section\" data-settings=\"{&quot;background_background&quot;:&quot;classic&quot;,&quot;_ha_eqh_enable&quot;:false}\">\n\t\t\t\t\t\t\t<div class=\"elementor-background-overlay\"><\/div>\n\t\t\t\t\t\t\t<div class=\"elementor-container elementor-column-gap-default\">\n\t\t\t\t\t<div class=\"elementor-column elementor-col-100 elementor-top-column elementor-element elementor-element-16ac88f\" data-id=\"16ac88f\" data-element_type=\"column\">\n\t\t\t<div class=\"elementor-widget-wrap elementor-element-populated\">\n\t\t\t\t\t\t<div class=\"elementor-element elementor-element-f2b70c0 elementor-widget elementor-widget-heading\" data-id=\"f2b70c0\" data-element_type=\"widget\" data-widget_type=\"heading.default\">\n\t\t\t\t<div class=\"elementor-widget-container\">\n\t\t\t\t\t<h2 class=\"elementor-heading-title elementor-size-default\">Enjoy Business Values<\/h2>\t\t\t\t<\/div>\n\t\t\t\t<\/div>\n\t\t\t\t<section class=\"elementor-section elementor-inner-section elementor-element elementor-element-393cbbb elementor-section-boxed elementor-section-height-default elementor-section-height-default\" data-id=\"393cbbb\" data-element_type=\"section\" data-settings=\"{&quot;_ha_eqh_enable&quot;:false}\">\n\t\t\t\t\t\t<div class=\"elementor-container elementor-column-gap-default\">\n\t\t\t\t\t<div class=\"elementor-column elementor-col-33 elementor-inner-column elementor-element elementor-element-38330de\" data-id=\"38330de\" data-element_type=\"column\">\n\t\t\t<div class=\"elementor-widget-wrap elementor-element-populated\">\n\t\t\t\t\t\t<div class=\"elementor-element elementor-element-5e3f30b elementor-widget elementor-widget-text-editor\" data-id=\"5e3f30b\" data-element_type=\"widget\" data-widget_type=\"text-editor.default\">\n\t\t\t\t<div class=\"elementor-widget-container\">\n\t\t\t\t\t\t\t\t\t<p>Our priority is<\/p>\t\t\t\t\t\t\t\t<\/div>\n\t\t\t\t<\/div>\n\t\t\t\t<div class=\"elementor-element elementor-element-a72b638 elementor-align-left elementor-icon-list--layout-traditional elementor-list-item-link-full_width elementor-widget elementor-widget-icon-list\" data-id=\"a72b638\" data-element_type=\"widget\" data-widget_type=\"icon-list.default\">\n\t\t\t\t<div class=\"elementor-widget-container\">\n\t\t\t\t\t\t\t<ul class=\"elementor-icon-list-items\">\n\t\t\t\t\t\t\t<li class=\"elementor-icon-list-item\">\n\t\t\t\t\t\t\t\t\t\t\t<span class=\"elementor-icon-list-icon\">\n\t\t\t\t\t\t\t<i aria-hidden=\"true\" class=\"fas fa-check\"><\/i>\t\t\t\t\t\t<\/span>\n\t\t\t\t\t\t\t\t\t\t<span class=\"elementor-icon-list-text\">Here at ENJOY BUSINESS, we are committed to delivering exceptional experiences and high-quality service to all our clients.<\/span>\n\t\t\t\t\t\t\t\t\t<\/li>\n\t\t\t\t\t\t\t\t<li class=\"elementor-icon-list-item\">\n\t\t\t\t\t\t\t\t\t\t\t<span class=\"elementor-icon-list-icon\">\n\t\t\t\t\t\t\t<i aria-hidden=\"true\" class=\"fas fa-check\"><\/i>\t\t\t\t\t\t<\/span>\n\t\t\t\t\t\t\t\t\t\t<span class=\"elementor-icon-list-text\">We prioritise nurturing strong relationships with our clients and are committed to ensuring a seamless and enjoyable business experience for those who have chosen to work with us.<\/span>\n\t\t\t\t\t\t\t\t\t<\/li>\n\t\t\t\t\t\t<\/ul>\n\t\t\t\t\t\t<\/div>\n\t\t\t\t<\/div>\n\t\t\t\t\t<\/div>\n\t\t<\/div>\n\t\t\t\t<div class=\"elementor-column elementor-col-33 elementor-inner-column elementor-element elementor-element-20be0fb\" data-id=\"20be0fb\" data-element_type=\"column\">\n\t\t\t<div class=\"elementor-widget-wrap elementor-element-populated\">\n\t\t\t\t\t\t<div class=\"elementor-element elementor-element-02151f0 elementor-widget elementor-widget-text-editor\" data-id=\"02151f0\" data-element_type=\"widget\" data-widget_type=\"text-editor.default\">\n\t\t\t\t<div class=\"elementor-widget-container\">\n\t\t\t\t\t\t\t\t\t<p>We are dedicated to making sure you get the absolute best!<\/p>\t\t\t\t\t\t\t\t<\/div>\n\t\t\t\t<\/div>\n\t\t\t\t<div class=\"elementor-element elementor-element-e483c98 elementor-icon-list--layout-traditional elementor-list-item-link-full_width elementor-widget elementor-widget-icon-list\" data-id=\"e483c98\" data-element_type=\"widget\" data-widget_type=\"icon-list.default\">\n\t\t\t\t<div class=\"elementor-widget-container\">\n\t\t\t\t\t\t\t<ul class=\"elementor-icon-list-items\">\n\t\t\t\t\t\t\t<li class=\"elementor-icon-list-item\">\n\t\t\t\t\t\t\t\t\t\t\t<span class=\"elementor-icon-list-icon\">\n\t\t\t\t\t\t\t<i aria-hidden=\"true\" class=\"fas fa-check\"><\/i>\t\t\t\t\t\t<\/span>\n\t\t\t\t\t\t\t\t\t\t<span class=\"elementor-icon-list-text\">We are all about transparency and we're super driven to get amazing results.<\/span>\n\t\t\t\t\t\t\t\t\t<\/li>\n\t\t\t\t\t\t\t\t<li class=\"elementor-icon-list-item\">\n\t\t\t\t\t\t\t\t\t\t\t<span class=\"elementor-icon-list-icon\">\n\t\t\t\t\t\t\t<i aria-hidden=\"true\" class=\"fas fa-check\"><\/i>\t\t\t\t\t\t<\/span>\n\t\t\t\t\t\t\t\t\t\t<span class=\"elementor-icon-list-text\">We work together as one team, ENJOY BUSINESS + Clients, inspired by an entrepreneurial spirit and business empowerment. We promote creativity and happiness at work, and we love what we do!<\/span>\n\t\t\t\t\t\t\t\t\t<\/li>\n\t\t\t\t\t\t<\/ul>\n\t\t\t\t\t\t<\/div>\n\t\t\t\t<\/div>\n\t\t\t\t\t<\/div>\n\t\t<\/div>\n\t\t\t\t<div class=\"elementor-column elementor-col-33 elementor-inner-column elementor-element elementor-element-6c6c191\" data-id=\"6c6c191\" data-element_type=\"column\">\n\t\t\t<div class=\"elementor-widget-wrap elementor-element-populated\">\n\t\t\t\t\t\t<div class=\"elementor-element elementor-element-8d53de0 elementor-widget elementor-widget-text-editor\" data-id=\"8d53de0\" data-element_type=\"widget\" data-widget_type=\"text-editor.default\">\n\t\t\t\t<div class=\"elementor-widget-container\">\n\t\t\t\t\t\t\t\t\t<p>We are here for you, whatever you need!<\/p>\t\t\t\t\t\t\t\t<\/div>\n\t\t\t\t<\/div>\n\t\t\t\t<div class=\"elementor-element elementor-element-9fbdd2f elementor-icon-list--layout-traditional elementor-list-item-link-full_width elementor-widget elementor-widget-icon-list\" data-id=\"9fbdd2f\" data-element_type=\"widget\" data-widget_type=\"icon-list.default\">\n\t\t\t\t<div class=\"elementor-widget-container\">\n\t\t\t\t\t\t\t<ul class=\"elementor-icon-list-items\">\n\t\t\t\t\t\t\t<li class=\"elementor-icon-list-item\">\n\t\t\t\t\t\t\t\t\t\t\t<span class=\"elementor-icon-list-icon\">\n\t\t\t\t\t\t\t<i aria-hidden=\"true\" class=\"fas fa-check\"><\/i>\t\t\t\t\t\t<\/span>\n\t\t\t\t\t\t\t\t\t\t<span class=\"elementor-icon-list-text\">We're a team that takes responsibility and initiative seriously, and we do it with a smile!<\/span>\n\t\t\t\t\t\t\t\t\t<\/li>\n\t\t\t\t\t\t\t\t<li class=\"elementor-icon-list-item\">\n\t\t\t\t\t\t\t\t\t\t\t<span class=\"elementor-icon-list-icon\">\n\t\t\t\t\t\t\t<i aria-hidden=\"true\" class=\"fas fa-check\"><\/i>\t\t\t\t\t\t<\/span>\n\t\t\t\t\t\t\t\t\t\t<span class=\"elementor-icon-list-text\">We're all about respectful and collaborative communication, and we're always open to a chat to build strong relationships.<\/span>\n\t\t\t\t\t\t\t\t\t<\/li>\n\t\t\t\t\t\t<\/ul>\n\t\t\t\t\t\t<\/div>\n\t\t\t\t<\/div>\n\t\t\t\t\t<\/div>\n\t\t<\/div>\n\t\t\t\t\t<\/div>\n\t\t<\/section>\n\t\t\t\t\t<\/div>\n\t\t<\/div>\n\t\t\t\t\t<\/div>\n\t\t<\/section>\n\t\t\t\t<section class=\"elementor-section elementor-top-section elementor-element elementor-element-fb67cb6 elementor-section-boxed elementor-section-height-default elementor-section-height-default\" data-id=\"fb67cb6\" data-element_type=\"section\" data-settings=\"{&quot;_ha_eqh_enable&quot;:false}\">\n\t\t\t\t\t\t<div class=\"elementor-container elementor-column-gap-default\">\n\t\t\t\t\t<div class=\"elementor-column elementor-col-50 elementor-top-column elementor-element elementor-element-3c033f0\" data-id=\"3c033f0\" data-element_type=\"column\">\n\t\t\t<div class=\"elementor-widget-wrap elementor-element-populated\">\n\t\t\t\t\t\t<div class=\"elementor-element elementor-element-f85d127 elementor-widget elementor-widget-heading\" data-id=\"f85d127\" data-element_type=\"widget\" data-widget_type=\"heading.default\">\n\t\t\t\t<div class=\"elementor-widget-container\">\n\t\t\t\t\t<h2 class=\"elementor-heading-title elementor-size-default\">We believe that building strong relationships is about more than just providing a service. It's about creating trust and opportunities for growth.<\/h2>\t\t\t\t<\/div>\n\t\t\t\t<\/div>\n\t\t\t\t<div class=\"elementor-element elementor-element-40fa184 elementor-align-center elementor-widget elementor-widget-button\" data-id=\"40fa184\" data-element_type=\"widget\" data-widget_type=\"button.default\">\n\t\t\t\t<div class=\"elementor-widget-container\">\n\t\t\t\t\t\t\t\t\t<div class=\"elementor-button-wrapper\">\n\t\t\t\t\t<a class=\"elementor-button elementor-button-link elementor-size-sm\" href=\"https:\/\/enjoybusiness.com.co\/en\/solicitud\/\">\n\t\t\t\t\t\t<span class=\"elementor-button-content-wrapper\">\n\t\t\t\t\t\t\t\t\t<span class=\"elementor-button-text\">Please quote your shipment<\/span>\n\t\t\t\t\t<\/span>\n\t\t\t\t\t<\/a>\n\t\t\t\t<\/div>\n\t\t\t\t\t\t\t\t<\/div>\n\t\t\t\t<\/div>\n\t\t\t\t\t<\/div>\n\t\t<\/div>\n\t\t\t\t<div class=\"elementor-column elementor-col-50 elementor-top-column elementor-element elementor-element-27798dc\" data-id=\"27798dc\" data-element_type=\"column\">\n\t\t\t<div class=\"elementor-widget-wrap elementor-element-populated\">\n\t\t\t\t\t\t<div class=\"elementor-element elementor-element-e4c04e7 elementor-widget elementor-widget-image\" data-id=\"e4c04e7\" data-element_type=\"widget\" data-settings=\"{&quot;ha_floating_fx&quot;:&quot;yes&quot;,&quot;ha_floating_fx_translate_toggle&quot;:&quot;yes&quot;,&quot;ha_floating_fx_translate_x&quot;:{&quot;unit&quot;:&quot;px&quot;,&quot;size&quot;:&quot;&quot;,&quot;sizes&quot;:{&quot;from&quot;:-22,&quot;to&quot;:5}},&quot;ha_floating_fx_translate_y&quot;:{&quot;unit&quot;:&quot;px&quot;,&quot;size&quot;:&quot;&quot;,&quot;sizes&quot;:{&quot;from&quot;:-16,&quot;to&quot;:5}},&quot;ha_floating_fx_translate_duration&quot;:{&quot;unit&quot;:&quot;px&quot;,&quot;size&quot;:1000,&quot;sizes&quot;:[]},&quot;ha_floating_fx_translate_delay&quot;:{&quot;unit&quot;:&quot;px&quot;,&quot;size&quot;:&quot;&quot;,&quot;sizes&quot;:[]}}\" data-widget_type=\"image.default\">\n\t\t\t\t<div class=\"elementor-widget-container\">\n\t\t\t\t\t\t\t\t\t\t\t\t\t\t\t<img fetchpriority=\"high\" decoding=\"async\" width=\"1024\" height=\"826\" src=\"https:\/\/enjoybusiness.com.co\/wp-content\/uploads\/2025\/02\/camion-1024x826.png\" class=\"attachment-large size-large wp-image-6463\" alt=\"\" srcset=\"https:\/\/enjoybusiness.com.co\/wp-content\/uploads\/2025\/02\/camion-1024x826.png 1024w, https:\/\/enjoybusiness.com.co\/wp-content\/uploads\/2025\/02\/camion-300x242.png 300w, https:\/\/enjoybusiness.com.co\/wp-content\/uploads\/2025\/02\/camion-768x620.png 768w, https:\/\/enjoybusiness.com.co\/wp-content\/uploads\/2025\/02\/camion-1536x1239.png 1536w, https:\/\/enjoybusiness.com.co\/wp-content\/uploads\/2025\/02\/camion-2048x1652.png 2048w\" sizes=\"(max-width: 1024px) 100vw, 1024px\" \/>\t\t\t\t\t\t\t\t\t\t\t\t\t\t\t<\/div>\n\t\t\t\t<\/div>\n\t\t\t\t\t<\/div>\n\t\t<\/div>\n\t\t\t\t\t<\/div>\n\t\t<\/section>\n\t\t\t\t<section class=\"elementor-section elementor-top-section elementor-element elementor-element-511a925 elementor-section-boxed elementor-section-height-default elementor-section-height-default\" data-id=\"511a925\" data-element_type=\"section\" data-settings=\"{&quot;_ha_eqh_enable&quot;:false}\">\n\t\t\t\t\t\t<div class=\"elementor-container elementor-column-gap-default\">\n\t\t\t\t\t<div class=\"elementor-column elementor-col-100 elementor-top-column elementor-element elementor-element-c36982c\" data-id=\"c36982c\" data-element_type=\"column\">\n\t\t\t<div class=\"elementor-widget-wrap\">\n\t\t\t\t\t\t\t<\/div>\n\t\t<\/div>\n\t\t\t\t\t<\/div>\n\t\t<\/section>\n\t\t\t\t<\/div>","protected":false},"excerpt":{"rendered":"<p>Valores ENJOY BUSINESS Nuestra prioridad En ENJOY BUSINESS nos dedicamos a ofrecer experiencias excepcionales y un servicio de alta calidad [&hellip;]<\/p>","protected":false},"author":1,"featured_media":0,"parent":0,"menu_order":0,"comment_status":"closed","ping_status":"closed","template":"","meta":{"site-sidebar-layout":"no-sidebar","site-content-layout":"","ast-site-content-layout":"full-width-container","site-content-style":"default","site-sidebar-style":"default","ast-global-header-display":"","ast-banner-title-visibility":"","ast-main-header-display":"","ast-hfb-above-header-display":"","ast-hfb-below-header-display":"","ast-hfb-mobile-header-display":"","site-post-title":"disabled","ast-breadcrumbs-content":"","ast-featured-img":"disabled","footer-sml-layout":"","theme-transparent-header-meta":"","adv-header-id-meta":"","stick-header-meta":"","header-above-stick-meta":"","header-main-stick-meta":"","header-below-stick-meta":"","astra-migrate-meta-layouts":"default","ast-page-background-enabled":"default","ast-page-background-meta":{"desktop":{"background-color":"var(--ast-global-color-5)","background-image":"","background-repeat":"repeat","background-position":"center center","background-size":"auto","background-attachment":"scroll","background-type":"","background-media":"","overlay-type":"","overlay-color":"","overlay-opacity":"","overlay-gradient":""},"tablet":{"background-color":"","background-image":"","background-repeat":"repeat","background-position":"center center","background-size":"auto","background-attachment":"scroll","background-type":"","background-media":"","overlay-type":"","overlay-color":"","overlay-opacity":"","overlay-gradient":""},"mobile":{"background-color":"","background-image":"","background-repeat":"repeat","background-position":"center center","background-size":"auto","background-attachment":"scroll","background-type":"","background-media":"","overlay-type":"","overlay-color":"","overlay-opacity":"","overlay-gradient":""}},"ast-content-background-meta":{"desktop":{"background-color":"var(--ast-global-color-4)","background-image":"","background-repeat":"repeat","background-position":"center center","background-size":"auto","background-attachment":"scroll","background-type":"","background-media":"","overlay-type":"","overlay-color":"","overlay-opacity":"","overlay-gradient":""},"tablet":{"background-color":"var(--ast-global-color-4)","background-image":"","background-repeat":"repeat","background-position":"center center","background-size":"auto","background-attachment":"scroll","background-type":"","background-media":"","overlay-type":"","overlay-color":"","overlay-opacity":"","overlay-gradient":""},"mobile":{"background-color":"var(--ast-global-color-4)","background-image":"","background-repeat":"repeat","background-position":"center center","background-size":"auto","background-attachment":"scroll","background-type":"","background-media":"","overlay-type":"","overlay-color":"","overlay-opacity":"","overlay-gradient":""}},"footnotes":""},"class_list":["post-6519","page","type-page","status-publish","hentry"],"yoast_head":"<!-- This site is optimized with the Yoast SEO plugin v25.6 - https:\/\/yoast.com\/wordpress\/plugins\/seo\/ -->\n<title>Nuestros Valores -<\/title>\n<meta name=\"robots\" content=\"index, follow, max-snippet:-1, max-image-preview:large, max-video-preview:-1\" \/>\n<link rel=\"canonical\" href=\"https:\/\/enjoybusiness.com.co\/en\/nuestros-valores\/\" \/>\n<meta property=\"og:locale\" content=\"en_US\" \/>\n<meta property=\"og:type\" content=\"article\" \/>\n<meta property=\"og:title\" content=\"Nuestros Valores -\" \/>\n<meta property=\"og:description\" content=\"Valores ENJOY BUSINESS Nuestra prioridad En ENJOY BUSINESS nos dedicamos a ofrecer experiencias excepcionales y un servicio de alta calidad [&hellip;]\" \/>\n<meta property=\"og:url\" content=\"https:\/\/enjoybusiness.com.co\/en\/nuestros-valores\/\" \/>\n<meta property=\"article:modified_time\" content=\"2025-07-15T21:50:07+00:00\" \/>\n<meta property=\"og:image\" content=\"https:\/\/enjoybusiness.com.co\/wp-content\/uploads\/2025\/02\/camion-1024x826.png\" \/>\n\t<meta property=\"og:image:width\" content=\"1024\" \/>\n\t<meta property=\"og:image:height\" content=\"826\" \/>\n\t<meta property=\"og:image:type\" content=\"image\/png\" \/>\n<meta name=\"twitter:card\" content=\"summary_large_image\" \/>\n<meta name=\"twitter:label1\" content=\"Est. reading time\" \/>\n\t<meta name=\"twitter:data1\" content=\"1 minute\" \/>\n<script type=\"application\/ld+json\" class=\"yoast-schema-graph\">{\"@context\":\"https:\/\/schema.org\",\"@graph\":[{\"@type\":\"WebPage\",\"@id\":\"https:\/\/enjoybusiness.com.co\/nuestros-valores\/\",\"url\":\"https:\/\/enjoybusiness.com.co\/nuestros-valores\/\",\"name\":\"Nuestros Valores -\",\"isPartOf\":{\"@id\":\"https:\/\/enjoybusiness.com.co\/en\/#website\"},\"primaryImageOfPage\":{\"@id\":\"https:\/\/enjoybusiness.com.co\/nuestros-valores\/#primaryimage\"},\"image\":{\"@id\":\"https:\/\/enjoybusiness.com.co\/nuestros-valores\/#primaryimage\"},\"thumbnailUrl\":\"https:\/\/enjoybusiness.com.co\/wp-content\/uploads\/2025\/02\/camion-1024x826.png\",\"datePublished\":\"2025-02-21T17:06:17+00:00\",\"dateModified\":\"2025-07-15T21:50:07+00:00\",\"breadcrumb\":{\"@id\":\"https:\/\/enjoybusiness.com.co\/nuestros-valores\/#breadcrumb\"},\"inLanguage\":\"en-US\",\"potentialAction\":[{\"@type\":\"ReadAction\",\"target\":[\"https:\/\/enjoybusiness.com.co\/nuestros-valores\/\"]}]},{\"@type\":\"ImageObject\",\"inLanguage\":\"en-US\",\"@id\":\"https:\/\/enjoybusiness.com.co\/nuestros-valores\/#primaryimage\",\"url\":\"https:\/\/enjoybusiness.com.co\/wp-content\/uploads\/2025\/02\/camion-1024x826.png\",\"contentUrl\":\"https:\/\/enjoybusiness.com.co\/wp-content\/uploads\/2025\/02\/camion-1024x826.png\"},{\"@type\":\"BreadcrumbList\",\"@id\":\"https:\/\/enjoybusiness.com.co\/nuestros-valores\/#breadcrumb\",\"itemListElement\":[{\"@type\":\"ListItem\",\"position\":1,\"name\":\"Enjoy Business\",\"item\":\"https:\/\/enjoybusiness.com.co\/\"},{\"@type\":\"ListItem\",\"position\":2,\"name\":\"Nuestros Valores\"}]},{\"@type\":\"WebSite\",\"@id\":\"https:\/\/enjoybusiness.com.co\/en\/#website\",\"url\":\"https:\/\/enjoybusiness.com.co\/en\/\",\"name\":\"\",\"description\":\"Especialistas globales y locales en servicios de transporte a\u00e9reo, mar\u00edtimo y por carretera, soluciones log\u00edsticas y servicio de aduana\",\"publisher\":{\"@id\":\"https:\/\/enjoybusiness.com.co\/en\/#organization\"},\"potentialAction\":[{\"@type\":\"SearchAction\",\"target\":{\"@type\":\"EntryPoint\",\"urlTemplate\":\"https:\/\/enjoybusiness.com.co\/en\/?s={search_term_string}\"},\"query-input\":{\"@type\":\"PropertyValueSpecification\",\"valueRequired\":true,\"valueName\":\"search_term_string\"}}],\"inLanguage\":\"en-US\"},{\"@type\":\"Organization\",\"@id\":\"https:\/\/enjoybusiness.com.co\/en\/#organization\",\"name\":\"Enjoy Business\",\"url\":\"https:\/\/enjoybusiness.com.co\/en\/\",\"logo\":{\"@type\":\"ImageObject\",\"inLanguage\":\"en-US\",\"@id\":\"https:\/\/enjoybusiness.com.co\/en\/#\/schema\/logo\/image\/\",\"url\":\"https:\/\/enjoybusiness.com.co\/wp-content\/uploads\/2021\/06\/logo-enjoy-business.png\",\"contentUrl\":\"https:\/\/enjoybusiness.com.co\/wp-content\/uploads\/2021\/06\/logo-enjoy-business.png\",\"width\":289,\"height\":96,\"caption\":\"Enjoy Business\"},\"image\":{\"@id\":\"https:\/\/enjoybusiness.com.co\/en\/#\/schema\/logo\/image\/\"}}]}<\/script>\n<!-- \/ Yoast SEO plugin. -->","yoast_head_json":{"title":"Nuestros Valores -","robots":{"index":"index","follow":"follow","max-snippet":"max-snippet:-1","max-image-preview":"max-image-preview:large","max-video-preview":"max-video-preview:-1"},"canonical":"https:\/\/enjoybusiness.com.co\/en\/nuestros-valores\/","og_locale":"en_US","og_type":"article","og_title":"Nuestros Valores -","og_description":"Valores ENJOY BUSINESS Nuestra prioridad En ENJOY BUSINESS nos dedicamos a ofrecer experiencias excepcionales y un servicio de alta calidad [&hellip;]","og_url":"https:\/\/enjoybusiness.com.co\/en\/nuestros-valores\/","article_modified_time":"2025-07-15T21:50:07+00:00","og_image":[{"width":1024,"height":826,"url":"https:\/\/enjoybusiness.com.co\/wp-content\/uploads\/2025\/02\/camion-1024x826.png","type":"image\/png"}],"twitter_card":"summary_large_image","twitter_misc":{"Est. reading time":"1 minute"},"schema":{"@context":"https:\/\/schema.org","@graph":[{"@type":"WebPage","@id":"https:\/\/enjoybusiness.com.co\/nuestros-valores\/","url":"https:\/\/enjoybusiness.com.co\/nuestros-valores\/","name":"Nuestros Valores -","isPartOf":{"@id":"https:\/\/enjoybusiness.com.co\/en\/#website"},"primaryImageOfPage":{"@id":"https:\/\/enjoybusiness.com.co\/nuestros-valores\/#primaryimage"},"image":{"@id":"https:\/\/enjoybusiness.com.co\/nuestros-valores\/#primaryimage"},"thumbnailUrl":"https:\/\/enjoybusiness.com.co\/wp-content\/uploads\/2025\/02\/camion-1024x826.png","datePublished":"2025-02-21T17:06:17+00:00","dateModified":"2025-07-15T21:50:07+00:00","breadcrumb":{"@id":"https:\/\/enjoybusiness.com.co\/nuestros-valores\/#breadcrumb"},"inLanguage":"en-US","potentialAction":[{"@type":"ReadAction","target":["https:\/\/enjoybusiness.com.co\/nuestros-valores\/"]}]},{"@type":"ImageObject","inLanguage":"en-US","@id":"https:\/\/enjoybusiness.com.co\/nuestros-valores\/#primaryimage","url":"https:\/\/enjoybusiness.com.co\/wp-content\/uploads\/2025\/02\/camion-1024x826.png","contentUrl":"https:\/\/enjoybusiness.com.co\/wp-content\/uploads\/2025\/02\/camion-1024x826.png"},{"@type":"BreadcrumbList","@id":"https:\/\/enjoybusiness.com.co\/nuestros-valores\/#breadcrumb","itemListElement":[{"@type":"ListItem","position":1,"name":"Enjoy Business","item":"https:\/\/enjoybusiness.com.co\/"},{"@type":"ListItem","position":2,"name":"Nuestros Valores"}]},{"@type":"WebSite","@id":"https:\/\/enjoybusiness.com.co\/en\/#website","url":"https:\/\/enjoybusiness.com.co\/en\/","name":"","description":"Especialistas globales y locales en servicios de transporte a\u00e9reo, mar\u00edtimo y por carretera, soluciones log\u00edsticas y servicio de aduana","publisher":{"@id":"https:\/\/enjoybusiness.com.co\/en\/#organization"},"potentialAction":[{"@type":"SearchAction","target":{"@type":"EntryPoint","urlTemplate":"https:\/\/enjoybusiness.com.co\/en\/?s={search_term_string}"},"query-input":{"@type":"PropertyValueSpecification","valueRequired":true,"valueName":"search_term_string"}}],"inLanguage":"en-US"},{"@type":"Organization","@id":"https:\/\/enjoybusiness.com.co\/en\/#organization","name":"Enjoy Business","url":"https:\/\/enjoybusiness.com.co\/en\/","logo":{"@type":"ImageObject","inLanguage":"en-US","@id":"https:\/\/enjoybusiness.com.co\/en\/#\/schema\/logo\/image\/","url":"https:\/\/enjoybusiness.com.co\/wp-content\/uploads\/2021\/06\/logo-enjoy-business.png","contentUrl":"https:\/\/enjoybusiness.com.co\/wp-content\/uploads\/2021\/06\/logo-enjoy-business.png","width":289,"height":96,"caption":"Enjoy Business"},"image":{"@id":"https:\/\/enjoybusiness.com.co\/en\/#\/schema\/logo\/image\/"}}]}},"_links":{"self":[{"href":"https:\/\/enjoybusiness.com.co\/en\/wp-json\/wp\/v2\/pages\/6519","targetHints":{"allow":["GET"]}}],"collection":[{"href":"https:\/\/enjoybusiness.com.co\/en\/wp-json\/wp\/v2\/pages"}],"about":[{"href":"https:\/\/enjoybusiness.com.co\/en\/wp-json\/wp\/v2\/types\/page"}],"author":[{"embeddable":true,"href":"https:\/\/enjoybusiness.com.co\/en\/wp-json\/wp\/v2\/users\/1"}],"replies":[{"embeddable":true,"href":"https:\/\/enjoybusiness.com.co\/en\/wp-json\/wp\/v2\/comments?post=6519"}],"version-history":[{"count":0,"href":"https:\/\/enjoybusiness.com.co\/en\/wp-json\/wp\/v2\/pages\/6519\/revisions"}],"wp:attachment":[{"href":"https:\/\/enjoybusiness.com.co\/en\/wp-json\/wp\/v2\/media?parent=6519"}],"curies":[{"name":"wp","href":"https:\/\/api.w.org\/{rel}","templated":true}]}}