{"id":6851,"date":"2025-09-10T03:25:16","date_gmt":"2025-09-10T03:25:16","guid":{"rendered":"https:\/\/enjoybusiness.com.co\/?page_id=6851"},"modified":"2025-09-19T15:42:48","modified_gmt":"2025-09-19T15:42:48","slug":"supply-chain","status":"publish","type":"page","link":"https:\/\/enjoybusiness.com.co\/en\/supply-chain\/","title":{"rendered":"Supply Chain"},"content":{"rendered":"<div data-elementor-type=\"wp-page\" data-elementor-id=\"6851\" class=\"elementor elementor-6851\" data-elementor-settings=\"{&quot;ha_cmc_init_switcher&quot;:&quot;no&quot;}\">\n\t\t\t\t\t\t<section class=\"elementor-section elementor-top-section elementor-element elementor-element-22aa42f elementor-section-boxed elementor-section-height-default elementor-section-height-default\" data-id=\"22aa42f\" data-element_type=\"section\" data-settings=\"{&quot;background_background&quot;:&quot;classic&quot;,&quot;_ha_eqh_enable&quot;:false}\">\n\t\t\t\t\t\t\t<div class=\"elementor-background-overlay\"><\/div>\n\t\t\t\t\t\t\t<div class=\"elementor-container elementor-column-gap-default\">\n\t\t\t\t\t<div class=\"elementor-column elementor-col-100 elementor-top-column elementor-element elementor-element-52db468\" data-id=\"52db468\" data-element_type=\"column\">\n\t\t\t<div class=\"elementor-widget-wrap elementor-element-populated\">\n\t\t\t\t\t\t<div class=\"elementor-element elementor-element-1cfeeb25 elementor-widget elementor-widget-heading\" data-id=\"1cfeeb25\" data-element_type=\"widget\" data-widget_type=\"heading.default\">\n\t\t\t\t<div class=\"elementor-widget-container\">\n\t\t\t\t\t<h2 class=\"elementor-heading-title elementor-size-default\">La Evoluci\u00f3n de la Gesti\u00f3n de la Cadena de Suministro en un Mundo en Cambio\n<\/h2>\t\t\t\t<\/div>\n\t\t\t\t<\/div>\n\t\t\t\t<div class=\"elementor-element elementor-element-be1d833 elementor-widget elementor-widget-image\" data-id=\"be1d833\" data-element_type=\"widget\" data-settings=\"{&quot;ha_floating_fx&quot;:&quot;yes&quot;,&quot;ha_floating_fx_scale_toggle&quot;:&quot;yes&quot;,&quot;ha_floating_fx_scale_x&quot;:{&quot;unit&quot;:&quot;px&quot;,&quot;size&quot;:&quot;&quot;,&quot;sizes&quot;:{&quot;from&quot;:1,&quot;to&quot;:1.1999999999999999555910790149937383830547332763671875}},&quot;ha_floating_fx_scale_y&quot;:{&quot;unit&quot;:&quot;px&quot;,&quot;size&quot;:&quot;&quot;,&quot;sizes&quot;:{&quot;from&quot;:1,&quot;to&quot;:1.1999999999999999555910790149937383830547332763671875}},&quot;ha_floating_fx_scale_duration&quot;:{&quot;unit&quot;:&quot;px&quot;,&quot;size&quot;:1000,&quot;sizes&quot;:[]},&quot;ha_floating_fx_scale_delay&quot;:{&quot;unit&quot;:&quot;px&quot;,&quot;size&quot;:&quot;&quot;,&quot;sizes&quot;:[]}}\" data-widget_type=\"image.default\">\n\t\t\t\t<div class=\"elementor-widget-container\">\n\t\t\t\t\t\t\t\t\t\t\t\t\t\t\t\t<a href=\"https:\/\/enjoybusiness.com.co\/en\/supply-chain\/#titulo\">\n\t\t\t\t\t\t\t<img fetchpriority=\"high\" decoding=\"async\" width=\"1024\" height=\"787\" src=\"https:\/\/enjoybusiness.com.co\/wp-content\/uploads\/2025\/02\/LOCALIZACION-BLANCO-e1757474606582-1024x787.png\" class=\"attachment-large size-large wp-image-6396\" alt=\"\" srcset=\"https:\/\/enjoybusiness.com.co\/wp-content\/uploads\/2025\/02\/LOCALIZACION-BLANCO-e1757474606582-1024x787.png 1024w, https:\/\/enjoybusiness.com.co\/wp-content\/uploads\/2025\/02\/LOCALIZACION-BLANCO-e1757474606582-300x231.png 300w, https:\/\/enjoybusiness.com.co\/wp-content\/uploads\/2025\/02\/LOCALIZACION-BLANCO-e1757474606582-768x590.png 768w, https:\/\/enjoybusiness.com.co\/wp-content\/uploads\/2025\/02\/LOCALIZACION-BLANCO-e1757474606582-16x12.png 16w, https:\/\/enjoybusiness.com.co\/wp-content\/uploads\/2025\/02\/LOCALIZACION-BLANCO-e1757474606582.png 1080w\" sizes=\"(max-width: 1024px) 100vw, 1024px\" \/>\t\t\t\t\t\t\t\t<\/a>\n\t\t\t\t\t\t\t\t\t\t\t\t\t\t\t<\/div>\n\t\t\t\t<\/div>\n\t\t\t\t\t<\/div>\n\t\t<\/div>\n\t\t\t\t\t<\/div>\n\t\t<\/section>\n\t\t\t\t<section class=\"elementor-section elementor-top-section elementor-element elementor-element-ac32f48 elementor-section-boxed elementor-section-height-default elementor-section-height-default\" data-id=\"ac32f48\" data-element_type=\"section\" data-settings=\"{&quot;_ha_eqh_enable&quot;:false}\">\n\t\t\t\t\t\t<div class=\"elementor-container elementor-column-gap-default\">\n\t\t\t\t\t<div class=\"elementor-column elementor-col-100 elementor-top-column elementor-element elementor-element-f682a17\" data-id=\"f682a17\" data-element_type=\"column\">\n\t\t\t<div class=\"elementor-widget-wrap elementor-element-populated\">\n\t\t\t\t\t\t<div class=\"elementor-element elementor-element-1e0868b elementor-widget elementor-widget-text-editor\" data-id=\"1e0868b\" data-element_type=\"widget\" data-widget_type=\"text-editor.default\">\n\t\t\t\t<div class=\"elementor-widget-container\">\n\t\t\t\t\t\t\t\t\t<p><span style=\"font-weight: 400;\">En un entorno global cada vez m\u00e1s din\u00e1mico y desafiante, la gesti\u00f3n de la cadena de suministro (SCM, por sus siglas en ingl\u00e9s) est\u00e1 atravesando una transformaci\u00f3n profunda. Factores como la digitalizaci\u00f3n, la volatilidad del mercado, las interrupciones internacionales y las crecientes expectativas de los clientes en cuanto a rapidez y personalizaci\u00f3n, est\u00e1n impulsando a las empresas a adaptarse y reinventarse.<\/span><\/p>\t\t\t\t\t\t\t\t<\/div>\n\t\t\t\t<\/div>\n\t\t\t\t<div class=\"elementor-element elementor-element-16ffb74 titulo elementor-widget elementor-widget-heading\" data-id=\"16ffb74\" data-element_type=\"widget\" id=\"titulo\" data-widget_type=\"heading.default\">\n\t\t\t\t<div class=\"elementor-widget-container\">\n\t\t\t\t\t<h2 class=\"elementor-heading-title elementor-size-default\">\u00bfQu\u00e9 est\u00e1 sucediendo en la gesti\u00f3n de la cadena de suministro hoy?\n<\/h2>\t\t\t\t<\/div>\n\t\t\t\t<\/div>\n\t\t\t\t<div class=\"elementor-element elementor-element-e0a9732 elementor-widget elementor-widget-text-editor\" data-id=\"e0a9732\" data-element_type=\"widget\" data-widget_type=\"text-editor.default\">\n\t\t\t\t<div class=\"elementor-widget-container\">\n\t\t\t\t\t\t\t\t\t<ol><li><strong> Digitalizaci\u00f3n y Tecnolog\u00edas Emergentes<\/strong><\/li><\/ol><p><span style=\"font-weight: 400;\">La incorporaci\u00f3n de tecnolog\u00edas como la inteligencia artificial, el an\u00e1lisis de datos en tiempo real, el Internet de las Cosas (IoT) y la automatizaci\u00f3n, est\u00e1n revolucionando la forma en que gestionamos las cadenas de suministro. Estas herramientas permiten monitorear en vivo la ubicaci\u00f3n y el estado de los productos durante su transporte, controlar condiciones como temperatura y humedad, y optimizar rutas de entrega. Gracias a esto, las empresas logran mayor eficiencia, reducen costos y aumentan la transparencia en toda la cadena log\u00edstica. Adem\u00e1s, la automatizaci\u00f3n facilita una visi\u00f3n integral y controlada, permitiendo decisiones basadas en datos, predicciones de demanda y una gesti\u00f3n de inventarios m\u00e1s inteligente.<\/span><\/p><ol start=\"2\"><li><strong> Resiliencia y Flexibilidad ante los Desaf\u00edos<\/strong><\/li><\/ol><p><span style=\"font-weight: 400;\">La pandemia de COVID-19 evidenci\u00f3 la vulnerabilidad de las cadenas tradicionales. En respuesta, las organizaciones est\u00e1n diversificando sus proveedores, adoptando estrategias como nearshoring y reshoring, y fortaleciendo su capacidad de respuesta r\u00e1pida ante interrupciones. La flexibilidad se ha convertido en un pilar fundamental para mantener la continuidad del negocio.<\/span><\/p><ol start=\"3\"><li><strong> Sostenibilidad y Responsabilidad Social<\/strong><\/li><\/ol><p><span style=\"font-weight: 400;\">La gesti\u00f3n moderna tambi\u00e9n pone \u00e9nfasis en criterios ambientales, sociales y de gobernanza (ESG). Esto implica ser transparentes en la toma de decisiones, actuar con \u00e9tica, gestionar riesgos responsables y supervisar de cerca la direcci\u00f3n empresarial. La optimizaci\u00f3n de rutas, la reducci\u00f3n de emisiones y la trazabilidad de productos son prioridades para cumplir con regulaciones y responder a consumidores cada vez m\u00e1s conscientes y exigentes en temas de sostenibilidad.<\/span><\/p><ol start=\"4\"><li><strong> Integraci\u00f3n y Colaboraci\u00f3n en Tiempo Real<\/strong><\/li><\/ol><p><span style=\"font-weight: 400;\">La colaboraci\u00f3n entre todos los actores de la cadena \u2014proveedores, transportistas, clientes\u2014 es clave para una gesti\u00f3n eficiente. Las plataformas digitales y los sistemas integrados facilitan la comunicaci\u00f3n y coordinaci\u00f3n en tiempo real, reduciendo costos y mejorando la eficiencia operativa.<\/span><\/p><ol start=\"5\"><li><strong> Enfrentando los Desaf\u00edos Actuales<\/strong><\/li><\/ol><p><span style=\"font-weight: 400;\">La congesti\u00f3n portuaria, la escasez de mano de obra y las tensiones geopol\u00edticas son algunos de los obst\u00e1culos que enfrentan las cadenas de suministro globales. Estos factores generan volatilidad en precios y tiempos de entrega, adem\u00e1s de incrementar los costos de transporte. Por ello, la gesti\u00f3n de riesgos y la planificaci\u00f3n de contingencias son esenciales para mantener la estabilidad y la eficiencia en las operaciones.<\/span><\/p><ol start=\"6\"><li><strong> Enfoque en la Agilidad<\/strong><\/li><\/ol><p><span style=\"font-weight: 400;\">La capacidad de adaptarse r\u00e1pidamente a cambios en la demanda, condiciones del mercado o interrupciones externas, se ha convertido en una competencia clave. Esto requiere revisar constantemente procesos, tecnolog\u00edas y estrategias de inventario para responder con rapidez y eficacia a cualquier situaci\u00f3n.<\/span><\/p>\t\t\t\t\t\t\t\t<\/div>\n\t\t\t\t<\/div>\n\t\t\t\t\t<\/div>\n\t\t<\/div>\n\t\t\t\t\t<\/div>\n\t\t<\/section>\n\t\t\t\t<section class=\"elementor-section elementor-top-section elementor-element elementor-element-d3dab6a elementor-section-boxed elementor-section-height-default elementor-section-height-default\" data-id=\"d3dab6a\" data-element_type=\"section\" data-settings=\"{&quot;background_background&quot;:&quot;classic&quot;,&quot;_ha_eqh_enable&quot;:false}\">\n\t\t\t\t\t\t\t<div class=\"elementor-background-overlay\"><\/div>\n\t\t\t\t\t\t\t<div class=\"elementor-container elementor-column-gap-default\">\n\t\t\t\t\t<div class=\"elementor-column elementor-col-100 elementor-top-column elementor-element elementor-element-d64af36\" data-id=\"d64af36\" data-element_type=\"column\">\n\t\t\t<div class=\"elementor-widget-wrap elementor-element-populated\">\n\t\t\t\t\t\t<section class=\"elementor-section elementor-inner-section elementor-element elementor-element-18f8803 elementor-section-boxed elementor-section-height-default elementor-section-height-default\" data-id=\"18f8803\" data-element_type=\"section\" data-settings=\"{&quot;_ha_eqh_enable&quot;:false}\">\n\t\t\t\t\t\t<div class=\"elementor-container elementor-column-gap-default\">\n\t\t\t\t\t<div class=\"elementor-column elementor-col-100 elementor-inner-column elementor-element elementor-element-bcd458e\" data-id=\"bcd458e\" data-element_type=\"column\">\n\t\t\t<div class=\"elementor-widget-wrap elementor-element-populated\">\n\t\t\t\t\t\t<div class=\"elementor-element elementor-element-e752ba3 elementor-widget elementor-widget-text-editor\" data-id=\"e752ba3\" data-element_type=\"widget\" data-widget_type=\"text-editor.default\">\n\t\t\t\t<div class=\"elementor-widget-container\">\n\t\t\t\t\t\t\t\t\t<p><span style=\"font-weight: 400;\">Hoy en d\u00eda, la gesti\u00f3n de la cadena de suministro es un proceso complejo que combina innovaci\u00f3n tecnol\u00f3gica, estrategia, sostenibilidad y colaboraci\u00f3n. Las organizaciones que logren equilibrar estos aspectos estar\u00e1n mejor preparadas para afrontar los desaf\u00edos presentes y futuros del entorno global, asegurando su competitividad y \u00e9xito a largo plazo.<\/span><\/p>\t\t\t\t\t\t\t\t<\/div>\n\t\t\t\t<\/div>\n\t\t\t\t\t<\/div>\n\t\t<\/div>\n\t\t\t\t\t<\/div>\n\t\t<\/section>\n\t\t\t\t\t<\/div>\n\t\t<\/div>\n\t\t\t\t\t<\/div>\n\t\t<\/section>\n\t\t\t\t<\/div>","protected":false},"excerpt":{"rendered":"<p>La Evoluci\u00f3n de la Gesti\u00f3n de la Cadena de Suministro en un Mundo en Cambio En un entorno global cada [&hellip;]<\/p>","protected":false},"author":1,"featured_media":0,"parent":0,"menu_order":0,"comment_status":"closed","ping_status":"closed","template":"","meta":{"site-sidebar-layout":"no-sidebar","site-content-layout":"","ast-site-content-layout":"full-width-container","site-content-style":"default","site-sidebar-style":"default","ast-global-header-display":"","ast-banner-title-visibility":"","ast-main-header-display":"","ast-hfb-above-header-display":"","ast-hfb-below-header-display":"","ast-hfb-mobile-header-display":"","site-post-title":"disabled","ast-breadcrumbs-content":"","ast-featured-img":"disabled","footer-sml-layout":"","theme-transparent-header-meta":"","adv-header-id-meta":"","stick-header-meta":"","header-above-stick-meta":"","header-main-stick-meta":"","header-below-stick-meta":"","astra-migrate-meta-layouts":"default","ast-page-background-enabled":"default","ast-page-background-meta":{"desktop":{"background-color":"var(--ast-global-color-5)","background-image":"","background-repeat":"repeat","background-position":"center center","background-size":"auto","background-attachment":"scroll","background-type":"","background-media":"","overlay-type":"","overlay-color":"","overlay-opacity":"","overlay-gradient":""},"tablet":{"background-color":"","background-image":"","background-repeat":"repeat","background-position":"center center","background-size":"auto","background-attachment":"scroll","background-type":"","background-media":"","overlay-type":"","overlay-color":"","overlay-opacity":"","overlay-gradient":""},"mobile":{"background-color":"","background-image":"","background-repeat":"repeat","background-position":"center center","background-size":"auto","background-attachment":"scroll","background-type":"","background-media":"","overlay-type":"","overlay-color":"","overlay-opacity":"","overlay-gradient":""}},"ast-content-background-meta":{"desktop":{"background-color":"var(--ast-global-color-4)","background-image":"","background-repeat":"repeat","background-position":"center center","background-size":"auto","background-attachment":"scroll","background-type":"","background-media":"","overlay-type":"","overlay-color":"","overlay-opacity":"","overlay-gradient":""},"tablet":{"background-color":"var(--ast-global-color-4)","background-image":"","background-repeat":"repeat","background-position":"center center","background-size":"auto","background-attachment":"scroll","background-type":"","background-media":"","overlay-type":"","overlay-color":"","overlay-opacity":"","overlay-gradient":""},"mobile":{"background-color":"var(--ast-global-color-4)","background-image":"","background-repeat":"repeat","background-position":"center center","background-size":"auto","background-attachment":"scroll","background-type":"","background-media":"","overlay-type":"","overlay-color":"","overlay-opacity":"","overlay-gradient":""}},"footnotes":""},"class_list":["post-6851","page","type-page","status-publish","hentry"],"yoast_head":"<!-- This site is optimized with the Yoast SEO plugin v25.6 - https:\/\/yoast.com\/wordpress\/plugins\/seo\/ -->\n<title>Supply Chain -<\/title>\n<meta name=\"robots\" content=\"index, follow, max-snippet:-1, max-image-preview:large, max-video-preview:-1\" \/>\n<link rel=\"canonical\" href=\"https:\/\/enjoybusiness.com.co\/en\/supply-chain\/\" \/>\n<meta property=\"og:locale\" content=\"en_US\" \/>\n<meta property=\"og:type\" content=\"article\" \/>\n<meta property=\"og:title\" content=\"Supply Chain -\" \/>\n<meta property=\"og:description\" content=\"La Evoluci\u00f3n de la Gesti\u00f3n de la Cadena de Suministro en un Mundo en Cambio En un entorno global cada [&hellip;]\" \/>\n<meta property=\"og:url\" content=\"https:\/\/enjoybusiness.com.co\/en\/supply-chain\/\" \/>\n<meta property=\"article:modified_time\" content=\"2025-09-19T15:42:48+00:00\" \/>\n<meta property=\"og:image\" content=\"https:\/\/enjoybusiness.com.co\/wp-content\/uploads\/2025\/02\/LOCALIZACION-BLANCO-e1757474606582.png\" \/>\n\t<meta property=\"og:image:width\" content=\"1080\" \/>\n\t<meta property=\"og:image:height\" content=\"830\" \/>\n\t<meta property=\"og:image:type\" content=\"image\/png\" \/>\n<meta name=\"twitter:card\" content=\"summary_large_image\" \/>\n<meta name=\"twitter:label1\" content=\"Est. reading time\" \/>\n\t<meta name=\"twitter:data1\" content=\"3 minutes\" \/>\n<script type=\"application\/ld+json\" class=\"yoast-schema-graph\">{\"@context\":\"https:\/\/schema.org\",\"@graph\":[{\"@type\":\"WebPage\",\"@id\":\"https:\/\/enjoybusiness.com.co\/supply-chain\/\",\"url\":\"https:\/\/enjoybusiness.com.co\/supply-chain\/\",\"name\":\"Supply Chain -\",\"isPartOf\":{\"@id\":\"https:\/\/enjoybusiness.com.co\/en\/#website\"},\"primaryImageOfPage\":{\"@id\":\"https:\/\/enjoybusiness.com.co\/supply-chain\/#primaryimage\"},\"image\":{\"@id\":\"https:\/\/enjoybusiness.com.co\/supply-chain\/#primaryimage\"},\"thumbnailUrl\":\"https:\/\/enjoybusiness.com.co\/wp-content\/uploads\/2025\/02\/LOCALIZACION-BLANCO-e1757474606582-1024x787.png\",\"datePublished\":\"2025-09-10T03:25:16+00:00\",\"dateModified\":\"2025-09-19T15:42:48+00:00\",\"breadcrumb\":{\"@id\":\"https:\/\/enjoybusiness.com.co\/supply-chain\/#breadcrumb\"},\"inLanguage\":\"en-US\",\"potentialAction\":[{\"@type\":\"ReadAction\",\"target\":[\"https:\/\/enjoybusiness.com.co\/supply-chain\/\"]}]},{\"@type\":\"ImageObject\",\"inLanguage\":\"en-US\",\"@id\":\"https:\/\/enjoybusiness.com.co\/supply-chain\/#primaryimage\",\"url\":\"https:\/\/enjoybusiness.com.co\/wp-content\/uploads\/2025\/02\/LOCALIZACION-BLANCO-e1757474606582-1024x787.png\",\"contentUrl\":\"https:\/\/enjoybusiness.com.co\/wp-content\/uploads\/2025\/02\/LOCALIZACION-BLANCO-e1757474606582-1024x787.png\"},{\"@type\":\"BreadcrumbList\",\"@id\":\"https:\/\/enjoybusiness.com.co\/supply-chain\/#breadcrumb\",\"itemListElement\":[{\"@type\":\"ListItem\",\"position\":1,\"name\":\"Enjoy Business\",\"item\":\"https:\/\/enjoybusiness.com.co\/\"},{\"@type\":\"ListItem\",\"position\":2,\"name\":\"Supply Chain\"}]},{\"@type\":\"WebSite\",\"@id\":\"https:\/\/enjoybusiness.com.co\/en\/#website\",\"url\":\"https:\/\/enjoybusiness.com.co\/en\/\",\"name\":\"\",\"description\":\"Especialistas globales y locales en servicios de transporte a\u00e9reo, mar\u00edtimo y por carretera, soluciones log\u00edsticas y servicio de aduana\",\"publisher\":{\"@id\":\"https:\/\/enjoybusiness.com.co\/en\/#organization\"},\"potentialAction\":[{\"@type\":\"SearchAction\",\"target\":{\"@type\":\"EntryPoint\",\"urlTemplate\":\"https:\/\/enjoybusiness.com.co\/en\/?s={search_term_string}\"},\"query-input\":{\"@type\":\"PropertyValueSpecification\",\"valueRequired\":true,\"valueName\":\"search_term_string\"}}],\"inLanguage\":\"en-US\"},{\"@type\":\"Organization\",\"@id\":\"https:\/\/enjoybusiness.com.co\/en\/#organization\",\"name\":\"Enjoy Business\",\"url\":\"https:\/\/enjoybusiness.com.co\/en\/\",\"logo\":{\"@type\":\"ImageObject\",\"inLanguage\":\"en-US\",\"@id\":\"https:\/\/enjoybusiness.com.co\/en\/#\/schema\/logo\/image\/\",\"url\":\"https:\/\/enjoybusiness.com.co\/wp-content\/uploads\/2021\/06\/logo-enjoy-business.png\",\"contentUrl\":\"https:\/\/enjoybusiness.com.co\/wp-content\/uploads\/2021\/06\/logo-enjoy-business.png\",\"width\":289,\"height\":96,\"caption\":\"Enjoy Business\"},\"image\":{\"@id\":\"https:\/\/enjoybusiness.com.co\/en\/#\/schema\/logo\/image\/\"}}]}<\/script>\n<!-- \/ Yoast SEO plugin. -->","yoast_head_json":{"title":"Supply Chain -","robots":{"index":"index","follow":"follow","max-snippet":"max-snippet:-1","max-image-preview":"max-image-preview:large","max-video-preview":"max-video-preview:-1"},"canonical":"https:\/\/enjoybusiness.com.co\/en\/supply-chain\/","og_locale":"en_US","og_type":"article","og_title":"Supply Chain -","og_description":"La Evoluci\u00f3n de la Gesti\u00f3n de la Cadena de Suministro en un Mundo en Cambio En un entorno global cada [&hellip;]","og_url":"https:\/\/enjoybusiness.com.co\/en\/supply-chain\/","article_modified_time":"2025-09-19T15:42:48+00:00","og_image":[{"width":1080,"height":830,"url":"https:\/\/enjoybusiness.com.co\/wp-content\/uploads\/2025\/02\/LOCALIZACION-BLANCO-e1757474606582.png","type":"image\/png"}],"twitter_card":"summary_large_image","twitter_misc":{"Est. reading time":"3 minutes"},"schema":{"@context":"https:\/\/schema.org","@graph":[{"@type":"WebPage","@id":"https:\/\/enjoybusiness.com.co\/supply-chain\/","url":"https:\/\/enjoybusiness.com.co\/supply-chain\/","name":"Supply Chain -","isPartOf":{"@id":"https:\/\/enjoybusiness.com.co\/en\/#website"},"primaryImageOfPage":{"@id":"https:\/\/enjoybusiness.com.co\/supply-chain\/#primaryimage"},"image":{"@id":"https:\/\/enjoybusiness.com.co\/supply-chain\/#primaryimage"},"thumbnailUrl":"https:\/\/enjoybusiness.com.co\/wp-content\/uploads\/2025\/02\/LOCALIZACION-BLANCO-e1757474606582-1024x787.png","datePublished":"2025-09-10T03:25:16+00:00","dateModified":"2025-09-19T15:42:48+00:00","breadcrumb":{"@id":"https:\/\/enjoybusiness.com.co\/supply-chain\/#breadcrumb"},"inLanguage":"en-US","potentialAction":[{"@type":"ReadAction","target":["https:\/\/enjoybusiness.com.co\/supply-chain\/"]}]},{"@type":"ImageObject","inLanguage":"en-US","@id":"https:\/\/enjoybusiness.com.co\/supply-chain\/#primaryimage","url":"https:\/\/enjoybusiness.com.co\/wp-content\/uploads\/2025\/02\/LOCALIZACION-BLANCO-e1757474606582-1024x787.png","contentUrl":"https:\/\/enjoybusiness.com.co\/wp-content\/uploads\/2025\/02\/LOCALIZACION-BLANCO-e1757474606582-1024x787.png"},{"@type":"BreadcrumbList","@id":"https:\/\/enjoybusiness.com.co\/supply-chain\/#breadcrumb","itemListElement":[{"@type":"ListItem","position":1,"name":"Enjoy Business","item":"https:\/\/enjoybusiness.com.co\/"},{"@type":"ListItem","position":2,"name":"Supply Chain"}]},{"@type":"WebSite","@id":"https:\/\/enjoybusiness.com.co\/en\/#website","url":"https:\/\/enjoybusiness.com.co\/en\/","name":"","description":"Especialistas globales y locales en servicios de transporte a\u00e9reo, mar\u00edtimo y por carretera, soluciones log\u00edsticas y servicio de aduana","publisher":{"@id":"https:\/\/enjoybusiness.com.co\/en\/#organization"},"potentialAction":[{"@type":"SearchAction","target":{"@type":"EntryPoint","urlTemplate":"https:\/\/enjoybusiness.com.co\/en\/?s={search_term_string}"},"query-input":{"@type":"PropertyValueSpecification","valueRequired":true,"valueName":"search_term_string"}}],"inLanguage":"en-US"},{"@type":"Organization","@id":"https:\/\/enjoybusiness.com.co\/en\/#organization","name":"Enjoy Business","url":"https:\/\/enjoybusiness.com.co\/en\/","logo":{"@type":"ImageObject","inLanguage":"en-US","@id":"https:\/\/enjoybusiness.com.co\/en\/#\/schema\/logo\/image\/","url":"https:\/\/enjoybusiness.com.co\/wp-content\/uploads\/2021\/06\/logo-enjoy-business.png","contentUrl":"https:\/\/enjoybusiness.com.co\/wp-content\/uploads\/2021\/06\/logo-enjoy-business.png","width":289,"height":96,"caption":"Enjoy Business"},"image":{"@id":"https:\/\/enjoybusiness.com.co\/en\/#\/schema\/logo\/image\/"}}]}},"_links":{"self":[{"href":"https:\/\/enjoybusiness.com.co\/en\/wp-json\/wp\/v2\/pages\/6851","targetHints":{"allow":["GET"]}}],"collection":[{"href":"https:\/\/enjoybusiness.com.co\/en\/wp-json\/wp\/v2\/pages"}],"about":[{"href":"https:\/\/enjoybusiness.com.co\/en\/wp-json\/wp\/v2\/types\/page"}],"author":[{"embeddable":true,"href":"https:\/\/enjoybusiness.com.co\/en\/wp-json\/wp\/v2\/users\/1"}],"replies":[{"embeddable":true,"href":"https:\/\/enjoybusiness.com.co\/en\/wp-json\/wp\/v2\/comments?post=6851"}],"version-history":[{"count":0,"href":"https:\/\/enjoybusiness.com.co\/en\/wp-json\/wp\/v2\/pages\/6851\/revisions"}],"wp:attachment":[{"href":"https:\/\/enjoybusiness.com.co\/en\/wp-json\/wp\/v2\/media?parent=6851"}],"curies":[{"name":"wp","href":"https:\/\/api.w.org\/{rel}","templated":true}]}}