{"id":7058,"date":"2025-09-12T15:58:07","date_gmt":"2025-09-12T15:58:07","guid":{"rendered":"https:\/\/enjoybusiness.com.co\/?page_id=7058"},"modified":"2025-09-12T16:08:45","modified_gmt":"2025-09-12T16:08:45","slug":"blog-enjoy-news","status":"publish","type":"page","link":"https:\/\/enjoybusiness.com.co\/en\/blog-enjoy-news\/","title":{"rendered":"Blog | Enjoy News"},"content":{"rendered":"<div data-elementor-type=\"wp-page\" data-elementor-id=\"7058\" class=\"elementor elementor-7058\" data-elementor-settings=\"{&quot;ha_cmc_init_switcher&quot;:&quot;no&quot;}\">\n\t\t\t\t\t\t<section class=\"elementor-section elementor-top-section elementor-element elementor-element-c2f8245 elementor-section-boxed elementor-section-height-default elementor-section-height-default\" data-id=\"c2f8245\" data-element_type=\"section\" data-settings=\"{&quot;_ha_eqh_enable&quot;:false}\">\n\t\t\t\t\t\t<div class=\"elementor-container elementor-column-gap-default\">\n\t\t\t\t\t<div class=\"elementor-column elementor-col-100 elementor-top-column elementor-element elementor-element-63665fc\" data-id=\"63665fc\" data-element_type=\"column\">\n\t\t\t<div class=\"elementor-widget-wrap elementor-element-populated\">\n\t\t\t\t\t\t<div class=\"elementor-element elementor-element-ec1acf1 elementor-widget elementor-widget-heading\" data-id=\"ec1acf1\" data-element_type=\"widget\" data-widget_type=\"heading.default\">\n\t\t\t\t<div class=\"elementor-widget-container\">\n\t\t\t\t\t<h2 class=\"elementor-heading-title elementor-size-default\">Enjoy News<\/h2>\t\t\t\t<\/div>\n\t\t\t\t<\/div>\n\t\t\t\t<div class=\"elementor-element elementor-element-86ce827 elementor-widget elementor-widget-text-editor\" data-id=\"86ce827\" data-element_type=\"widget\" data-widget_type=\"text-editor.default\">\n\t\t\t\t<div class=\"elementor-widget-container\">\n\t\t\t\t\t\t\t\t\t<p>Tu fuente confiable de informaci\u00f3n y actualidad.<\/p>\t\t\t\t\t\t\t\t<\/div>\n\t\t\t\t<\/div>\n\t\t\t\t<div class=\"elementor-element elementor-element-f6daf12 elementor-widget elementor-widget-ucaddon_uc_card_post_carousel\" data-id=\"f6daf12\" data-element_type=\"widget\" data-widget_type=\"ucaddon_uc_card_post_carousel.default\">\n\t\t\t\t<div class=\"elementor-widget-container\">\n\t\t\t\t\t\n<!-- start Post Carousel Lite -->\n\t\t<link id='font-awesome-css' href='https:\/\/enjoybusiness.com.co\/wp-content\/plugins\/unlimited-elements-for-elementor\/assets_libraries\/font-awesome6\/fontawesome-all.min.css' type='text\/css' rel='stylesheet' >\n\t\t<link id='font-awesome-4-shim-css' href='https:\/\/enjoybusiness.com.co\/wp-content\/plugins\/unlimited-elements-for-elementor\/assets_libraries\/font-awesome6\/fontawesome-v4-shims.min.css' type='text\/css' rel='stylesheet' >\n\t\t<link id='owl-carousel-css' href='https:\/\/enjoybusiness.com.co\/wp-content\/plugins\/unlimited-elements-for-elementor\/assets_libraries\/owl-carousel-new\/assets\/owl.carousel.css' type='text\/css' rel='stylesheet' >\n\n<style>\/* widget: Post Carousel Lite *\/\n\n#uc_uc_card_post_carousel_elementor_f6daf12 *{\n  box-sizing:border-box;\n}\n#uc_uc_card_post_carousel_elementor_f6daf12{\n  position:relative;\n  min-height:1px;\n}\n#uc_uc_card_post_carousel_elementor_f6daf12 .uc_image_carousel_content{\n\ttext-align:center;\n    display: flex;\n     flex-flow: column nowrap;\n}\n#uc_uc_card_post_carousel_elementor_f6daf12 .ue_post_carousel_item\n{\n  overflow:hidden;\n  \n}\n#uc_uc_card_post_carousel_elementor_f6daf12 .uc_image_carousel_bg {\n  background-repeat: no-repeat;\n}\n#uc_uc_card_post_carousel_elementor_f6daf12 .uc_image_carousel_placeholder a{\n  width:100%;\n}\n#uc_uc_card_post_carousel_elementor_f6daf12 .uc_image_carousel_bg{\n  width:100%;\n}\n#uc_uc_card_post_carousel_elementor_f6daf12 .uc_image_carousel_placeholder{\n  overflow:hidden;\n}\n\n#uc_uc_card_post_carousel_elementor_f6daf12 .ue_post_btn_holder\n{\n  margin-top:auto;\n}\n\n#uc_uc_card_post_carousel_elementor_f6daf12 .uc_more_btn{\n\n  display:inline-block;\n  text-align:center;\n  text-decoration:none;\n} \n\n.uc_overlay_image_carousel .uc_more_btn{\n  text-decoration:none;\n  display:inline-block;\n}\n\n.uc_overlay_image_carousel .uc_post_title{\n  font-size:21px;\n  text-decoration:none;\n}\n\n#uc_uc_card_post_carousel_elementor_f6daf12 .owl-nav .owl-prev{\n    position:absolute;\n    display:inline-block;\n    text-align:center;\n}\n#uc_uc_card_post_carousel_elementor_f6daf12 .owl-nav .owl-next{\n  position:absolute;\n  display:inline-block;\n  text-align:center;\n}\n\n\n#uc_uc_card_post_carousel_elementor_f6daf12 .owl-dots {\noverflow:hidden;\ndisplay:true !important;\ntext-align:center;\n}\n\n#uc_uc_card_post_carousel_elementor_f6daf12 .owl-dot {\nborder-radius:50%;\ndisplay:inline-block;\n}\n\t#uc_uc_card_post_carousel_elementor_f6daf12 .owl-stage\n        {\n            transition-timing-function: linear!important;\n        }\n\n\n\n<\/style>\n\n<div class=\"uc_overlay_image_carousel\" id=\"uc_uc_card_post_carousel_elementor_f6daf12\" data-custom-sethtml=\"true\" >\n   <div class=\"uc_carousel owl-carousel owl-theme uc-items-wrapper\">\n   \t\t<div id=\"uc_uc_card_post_carousel_elementor_f6daf12_item1\" class=\"uc_image_carousel_container_holder ue_post_carousel_item ue-Uncategorized\">\n  <div class=\"uc_image_carousel_placeholder\">\n    <a href=\"https:\/\/enjoybusiness.com.co\/en\/bloqueo-del-estrecho-de-ormuz-consecuencias-para-el-comercio-global\/\"><div class=\"uc_image_carousel_bg\" style=\"background-image:url(https:\/\/enjoybusiness.com.co\/wp-content\/uploads\/2026\/03\/authorcode-courier-software-5104288_1920-768x512.jpg); background-position:center;\"><\/div><\/a>\n  <\/div>\n\n  <div class=\"uc_image_carousel_content\" >\n                <a href=\"https:\/\/enjoybusiness.com.co\/en\/bloqueo-del-estrecho-de-ormuz-consecuencias-para-el-comercio-global\/\" style=\"text-decoration:none;\"><div class=\"uc_post_title\" style=\"text-decoration:none;\">Bloqueo del Estrecho de Ormuz: consecuencias para el comercio global<\/div><\/a>        \n    <div class=\"ue_post_btn_holder\"><a class=\"uc_more_btn ue-dynamic-popup-single\" href='https:\/\/enjoybusiness.com.co\/en\/bloqueo-del-estrecho-de-ormuz-consecuencias-para-el-comercio-global\/' target=\"_self\">Leer<\/a><\/div>    \n  <\/div>\n  \n    \n<\/div>\n<div id=\"uc_uc_card_post_carousel_elementor_f6daf12_item2\" class=\"uc_image_carousel_container_holder ue_post_carousel_item ue-News\">\n  <div class=\"uc_image_carousel_placeholder\">\n    <a href=\"https:\/\/enjoybusiness.com.co\/en\/la-excelencia-en-transporte\/\"><div class=\"uc_image_carousel_bg\" style=\"background-image:url(https:\/\/enjoybusiness.com.co\/wp-content\/uploads\/2025\/09\/man-technology-integration-transport-logistics-seamless-showcase-768x430.jpg); background-position:center;\"><\/div><\/a>\n  <\/div>\n\n  <div class=\"uc_image_carousel_content\" >\n                <a href=\"https:\/\/enjoybusiness.com.co\/en\/la-excelencia-en-transporte\/\" style=\"text-decoration:none;\"><div class=\"uc_post_title\" style=\"text-decoration:none;\">La excelencia en transporte<\/div><\/a>        \n    <div class=\"ue_post_btn_holder\"><a class=\"uc_more_btn ue-dynamic-popup-single\" href='https:\/\/enjoybusiness.com.co\/en\/la-excelencia-en-transporte\/' target=\"_self\">Leer<\/a><\/div>    \n  <\/div>\n  \n    \n<\/div>\n<div id=\"uc_uc_card_post_carousel_elementor_f6daf12_item3\" class=\"uc_image_carousel_container_holder ue_post_carousel_item ue-News\">\n  <div class=\"uc_image_carousel_placeholder\">\n    <a href=\"https:\/\/enjoybusiness.com.co\/en\/transporte-maritimo-y-aereo-sostenible-innovacion-que-impulsa-el-futuro\/\"><div class=\"uc_image_carousel_bg\" style=\"background-image:url(https:\/\/enjoybusiness.com.co\/wp-content\/uploads\/2025\/09\/technological-futuristic-holograms-logistics-means-transport-3-768x614.jpg); background-position:center;\"><\/div><\/a>\n  <\/div>\n\n  <div class=\"uc_image_carousel_content\" >\n                <a href=\"https:\/\/enjoybusiness.com.co\/en\/transporte-maritimo-y-aereo-sostenible-innovacion-que-impulsa-el-futuro\/\" style=\"text-decoration:none;\"><div class=\"uc_post_title\" style=\"text-decoration:none;\">Transporte Mar\u00edtimo y A\u00e9reo Sostenible Innovaci\u00f3n que Impulsa el Futuro<\/div><\/a>        \n    <div class=\"ue_post_btn_holder\"><a class=\"uc_more_btn ue-dynamic-popup-single\" href='https:\/\/enjoybusiness.com.co\/en\/transporte-maritimo-y-aereo-sostenible-innovacion-que-impulsa-el-futuro\/' target=\"_self\">Leer<\/a><\/div>    \n  <\/div>\n  \n    \n<\/div>\n<div id=\"uc_uc_card_post_carousel_elementor_f6daf12_item4\" class=\"uc_image_carousel_container_holder ue_post_carousel_item ue-Uncategorized\">\n  <div class=\"uc_image_carousel_placeholder\">\n    <a href=\"https:\/\/enjoybusiness.com.co\/en\/mercado-maritimo\/\"><div class=\"uc_image_carousel_bg\" style=\"background-image:url(https:\/\/enjoybusiness.com.co\/wp-content\/uploads\/2025\/09\/crane-lifting-shipping-containers-seaport-1-768x486.jpg); background-position:center;\"><\/div><\/a>\n  <\/div>\n\n  <div class=\"uc_image_carousel_content\" >\n                <a href=\"https:\/\/enjoybusiness.com.co\/en\/mercado-maritimo\/\" style=\"text-decoration:none;\"><div class=\"uc_post_title\" style=\"text-decoration:none;\">Mercado Mar\u00edtimo<\/div><\/a>        \n    <div class=\"ue_post_btn_holder\"><a class=\"uc_more_btn ue-dynamic-popup-single\" href='https:\/\/enjoybusiness.com.co\/en\/mercado-maritimo\/' target=\"_self\">Leer<\/a><\/div>    \n  <\/div>\n  \n    \n<\/div>\n<div id=\"uc_uc_card_post_carousel_elementor_f6daf12_item5\" class=\"uc_image_carousel_container_holder ue_post_carousel_item ue-Uncategorized\">\n  <div class=\"uc_image_carousel_placeholder\">\n    <a href=\"https:\/\/enjoybusiness.com.co\/en\/los-gigantes-del-transporte-maritimo-quien-mueve-el-comercio-global\/\"><div class=\"uc_image_carousel_bg\" style=\"background-image:url(https:\/\/enjoybusiness.com.co\/wp-content\/uploads\/2025\/09\/technological-futuristic-holograms-logistics-means-transport-2-768x439.jpg); background-position:center;\"><\/div><\/a>\n  <\/div>\n\n  <div class=\"uc_image_carousel_content\" >\n                <a href=\"https:\/\/enjoybusiness.com.co\/en\/los-gigantes-del-transporte-maritimo-quien-mueve-el-comercio-global\/\" style=\"text-decoration:none;\"><div class=\"uc_post_title\" style=\"text-decoration:none;\">Los gigantes del transporte mar\u00edtimo, qui\u00e9n mueve el comercio global<\/div><\/a>        \n    <div class=\"ue_post_btn_holder\"><a class=\"uc_more_btn ue-dynamic-popup-single\" href='https:\/\/enjoybusiness.com.co\/en\/los-gigantes-del-transporte-maritimo-quien-mueve-el-comercio-global\/' target=\"_self\">Leer<\/a><\/div>    \n  <\/div>\n  \n    \n<\/div>\n<div id=\"uc_uc_card_post_carousel_elementor_f6daf12_item6\" class=\"uc_image_carousel_container_holder ue_post_carousel_item ue-News\">\n  <div class=\"uc_image_carousel_placeholder\">\n    <a href=\"https:\/\/enjoybusiness.com.co\/en\/mexico-lider-confiable-en-el-comercio-con-estados-unidos\/\"><div class=\"uc_image_carousel_bg\" style=\"background-image:url(https:\/\/enjoybusiness.com.co\/wp-content\/uploads\/2025\/09\/attractive-businesswoman-near-diplomats-flags-america-background-ai-generated-768x384.jpg); background-position:center;\"><\/div><\/a>\n  <\/div>\n\n  <div class=\"uc_image_carousel_content\" >\n                <a href=\"https:\/\/enjoybusiness.com.co\/en\/mexico-lider-confiable-en-el-comercio-con-estados-unidos\/\" style=\"text-decoration:none;\"><div class=\"uc_post_title\" style=\"text-decoration:none;\">M\u00e9xico: l\u00edder confiable en el comercio con Estados Unidos<\/div><\/a>        \n    <div class=\"ue_post_btn_holder\"><a class=\"uc_more_btn ue-dynamic-popup-single\" href='https:\/\/enjoybusiness.com.co\/en\/mexico-lider-confiable-en-el-comercio-con-estados-unidos\/' target=\"_self\">Leer<\/a><\/div>    \n  <\/div>\n  \n    \n<\/div>\n<div id=\"uc_uc_card_post_carousel_elementor_f6daf12_item7\" class=\"uc_image_carousel_container_holder ue_post_carousel_item ue-News\">\n  <div class=\"uc_image_carousel_placeholder\">\n    <a href=\"https:\/\/enjoybusiness.com.co\/en\/lineas-navieras-resultados-mixtos-ante-tarifas-en-descenso-y-costos-en-alza\/\"><div class=\"uc_image_carousel_bg\" style=\"background-image:url(https:\/\/enjoybusiness.com.co\/wp-content\/uploads\/2025\/09\/executive-with-marker-pen-drawing-graph-768x512.jpg); background-position:center;\"><\/div><\/a>\n  <\/div>\n\n  <div class=\"uc_image_carousel_content\" >\n                <a href=\"https:\/\/enjoybusiness.com.co\/en\/lineas-navieras-resultados-mixtos-ante-tarifas-en-descenso-y-costos-en-alza\/\" style=\"text-decoration:none;\"><div class=\"uc_post_title\" style=\"text-decoration:none;\">L\u00edneas navieras, resultados mixtos ante tarifas en descenso y costos en alza<\/div><\/a>        \n    <div class=\"ue_post_btn_holder\"><a class=\"uc_more_btn ue-dynamic-popup-single\" href='https:\/\/enjoybusiness.com.co\/en\/lineas-navieras-resultados-mixtos-ante-tarifas-en-descenso-y-costos-en-alza\/' target=\"_self\">Leer<\/a><\/div>    \n  <\/div>\n  \n    \n<\/div>\n\n   <\/div>\t\n<\/div>\n\n<!-- end Post Carousel Lite -->\t\t\t\t<\/div>\n\t\t\t\t<\/div>\n\t\t\t\t\t<\/div>\n\t\t<\/div>\n\t\t\t\t\t<\/div>\n\t\t<\/section>\n\t\t\t\t<\/div>","protected":false},"excerpt":{"rendered":"<p>Enjoy News Tu fuente confiable de informaci\u00f3n y actualidad. La excelencia en transporte Leer Transporte Mar\u00edtimo y A\u00e9reo Sostenible Innovaci\u00f3n [&hellip;]<\/p>","protected":false},"author":1,"featured_media":0,"parent":0,"menu_order":0,"comment_status":"closed","ping_status":"closed","template":"","meta":{"site-sidebar-layout":"no-sidebar","site-content-layout":"","ast-site-content-layout":"full-width-container","site-content-style":"default","site-sidebar-style":"default","ast-global-header-display":"","ast-banner-title-visibility":"","ast-main-header-display":"","ast-hfb-above-header-display":"","ast-hfb-below-header-display":"","ast-hfb-mobile-header-display":"","site-post-title":"disabled","ast-breadcrumbs-content":"","ast-featured-img":"disabled","footer-sml-layout":"","theme-transparent-header-meta":"","adv-header-id-meta":"","stick-header-meta":"","header-above-stick-meta":"","header-main-stick-meta":"","header-below-stick-meta":"","astra-migrate-meta-layouts":"default","ast-page-background-enabled":"default","ast-page-background-meta":{"desktop":{"background-color":"var(--ast-global-color-5)","background-image":"","background-repeat":"repeat","background-position":"center center","background-size":"auto","background-attachment":"scroll","background-type":"","background-media":"","overlay-type":"","overlay-color":"","overlay-opacity":"","overlay-gradient":""},"tablet":{"background-color":"","background-image":"","background-repeat":"repeat","background-position":"center center","background-size":"auto","background-attachment":"scroll","background-type":"","background-media":"","overlay-type":"","overlay-color":"","overlay-opacity":"","overlay-gradient":""},"mobile":{"background-color":"","background-image":"","background-repeat":"repeat","background-position":"center center","background-size":"auto","background-attachment":"scroll","background-type":"","background-media":"","overlay-type":"","overlay-color":"","overlay-opacity":"","overlay-gradient":""}},"ast-content-background-meta":{"desktop":{"background-color":"var(--ast-global-color-4)","background-image":"","background-repeat":"repeat","background-position":"center center","background-size":"auto","background-attachment":"scroll","background-type":"","background-media":"","overlay-type":"","overlay-color":"","overlay-opacity":"","overlay-gradient":""},"tablet":{"background-color":"var(--ast-global-color-4)","background-image":"","background-repeat":"repeat","background-position":"center center","background-size":"auto","background-attachment":"scroll","background-type":"","background-media":"","overlay-type":"","overlay-color":"","overlay-opacity":"","overlay-gradient":""},"mobile":{"background-color":"var(--ast-global-color-4)","background-image":"","background-repeat":"repeat","background-position":"center center","background-size":"auto","background-attachment":"scroll","background-type":"","background-media":"","overlay-type":"","overlay-color":"","overlay-opacity":"","overlay-gradient":""}},"footnotes":""},"class_list":["post-7058","page","type-page","status-publish","hentry"],"yoast_head":"<!-- This site is optimized with the Yoast SEO plugin v25.6 - https:\/\/yoast.com\/wordpress\/plugins\/seo\/ -->\n<title>Blog | Enjoy News -<\/title>\n<meta name=\"robots\" content=\"index, follow, max-snippet:-1, max-image-preview:large, max-video-preview:-1\" \/>\n<link rel=\"canonical\" href=\"https:\/\/enjoybusiness.com.co\/en\/blog-enjoy-news\/\" \/>\n<meta property=\"og:locale\" content=\"en_US\" \/>\n<meta property=\"og:type\" content=\"article\" \/>\n<meta property=\"og:title\" content=\"Blog | Enjoy News -\" \/>\n<meta property=\"og:description\" content=\"Enjoy News Tu fuente confiable de informaci\u00f3n y actualidad. La excelencia en transporte Leer Transporte Mar\u00edtimo y A\u00e9reo Sostenible Innovaci\u00f3n [&hellip;]\" \/>\n<meta property=\"og:url\" content=\"https:\/\/enjoybusiness.com.co\/en\/blog-enjoy-news\/\" \/>\n<meta property=\"article:modified_time\" content=\"2025-09-12T16:08:45+00:00\" \/>\n<meta name=\"twitter:card\" content=\"summary_large_image\" \/>\n<meta name=\"twitter:label1\" content=\"Est. reading time\" \/>\n\t<meta name=\"twitter:data1\" content=\"1 minute\" \/>\n<script type=\"application\/ld+json\" class=\"yoast-schema-graph\">{\"@context\":\"https:\/\/schema.org\",\"@graph\":[{\"@type\":\"WebPage\",\"@id\":\"https:\/\/enjoybusiness.com.co\/blog-enjoy-news\/\",\"url\":\"https:\/\/enjoybusiness.com.co\/blog-enjoy-news\/\",\"name\":\"Blog | Enjoy News -\",\"isPartOf\":{\"@id\":\"https:\/\/enjoybusiness.com.co\/en\/#website\"},\"datePublished\":\"2025-09-12T15:58:07+00:00\",\"dateModified\":\"2025-09-12T16:08:45+00:00\",\"breadcrumb\":{\"@id\":\"https:\/\/enjoybusiness.com.co\/blog-enjoy-news\/#breadcrumb\"},\"inLanguage\":\"en-US\",\"potentialAction\":[{\"@type\":\"ReadAction\",\"target\":[\"https:\/\/enjoybusiness.com.co\/blog-enjoy-news\/\"]}]},{\"@type\":\"BreadcrumbList\",\"@id\":\"https:\/\/enjoybusiness.com.co\/blog-enjoy-news\/#breadcrumb\",\"itemListElement\":[{\"@type\":\"ListItem\",\"position\":1,\"name\":\"Enjoy Business\",\"item\":\"https:\/\/enjoybusiness.com.co\/\"},{\"@type\":\"ListItem\",\"position\":2,\"name\":\"Blog | Enjoy News\"}]},{\"@type\":\"WebSite\",\"@id\":\"https:\/\/enjoybusiness.com.co\/en\/#website\",\"url\":\"https:\/\/enjoybusiness.com.co\/en\/\",\"name\":\"\",\"description\":\"Especialistas globales y locales en servicios de transporte a\u00e9reo, mar\u00edtimo y por carretera, soluciones log\u00edsticas y servicio de aduana\",\"publisher\":{\"@id\":\"https:\/\/enjoybusiness.com.co\/en\/#organization\"},\"potentialAction\":[{\"@type\":\"SearchAction\",\"target\":{\"@type\":\"EntryPoint\",\"urlTemplate\":\"https:\/\/enjoybusiness.com.co\/en\/?s={search_term_string}\"},\"query-input\":{\"@type\":\"PropertyValueSpecification\",\"valueRequired\":true,\"valueName\":\"search_term_string\"}}],\"inLanguage\":\"en-US\"},{\"@type\":\"Organization\",\"@id\":\"https:\/\/enjoybusiness.com.co\/en\/#organization\",\"name\":\"Enjoy Business\",\"url\":\"https:\/\/enjoybusiness.com.co\/en\/\",\"logo\":{\"@type\":\"ImageObject\",\"inLanguage\":\"en-US\",\"@id\":\"https:\/\/enjoybusiness.com.co\/en\/#\/schema\/logo\/image\/\",\"url\":\"https:\/\/enjoybusiness.com.co\/wp-content\/uploads\/2021\/06\/logo-enjoy-business.png\",\"contentUrl\":\"https:\/\/enjoybusiness.com.co\/wp-content\/uploads\/2021\/06\/logo-enjoy-business.png\",\"width\":289,\"height\":96,\"caption\":\"Enjoy Business\"},\"image\":{\"@id\":\"https:\/\/enjoybusiness.com.co\/en\/#\/schema\/logo\/image\/\"}}]}<\/script>\n<!-- \/ Yoast SEO plugin. -->","yoast_head_json":{"title":"Blog | Enjoy News -","robots":{"index":"index","follow":"follow","max-snippet":"max-snippet:-1","max-image-preview":"max-image-preview:large","max-video-preview":"max-video-preview:-1"},"canonical":"https:\/\/enjoybusiness.com.co\/en\/blog-enjoy-news\/","og_locale":"en_US","og_type":"article","og_title":"Blog | Enjoy News -","og_description":"Enjoy News Tu fuente confiable de informaci\u00f3n y actualidad. La excelencia en transporte Leer Transporte Mar\u00edtimo y A\u00e9reo Sostenible Innovaci\u00f3n [&hellip;]","og_url":"https:\/\/enjoybusiness.com.co\/en\/blog-enjoy-news\/","article_modified_time":"2025-09-12T16:08:45+00:00","twitter_card":"summary_large_image","twitter_misc":{"Est. reading time":"1 minute"},"schema":{"@context":"https:\/\/schema.org","@graph":[{"@type":"WebPage","@id":"https:\/\/enjoybusiness.com.co\/blog-enjoy-news\/","url":"https:\/\/enjoybusiness.com.co\/blog-enjoy-news\/","name":"Blog | Enjoy News -","isPartOf":{"@id":"https:\/\/enjoybusiness.com.co\/en\/#website"},"datePublished":"2025-09-12T15:58:07+00:00","dateModified":"2025-09-12T16:08:45+00:00","breadcrumb":{"@id":"https:\/\/enjoybusiness.com.co\/blog-enjoy-news\/#breadcrumb"},"inLanguage":"en-US","potentialAction":[{"@type":"ReadAction","target":["https:\/\/enjoybusiness.com.co\/blog-enjoy-news\/"]}]},{"@type":"BreadcrumbList","@id":"https:\/\/enjoybusiness.com.co\/blog-enjoy-news\/#breadcrumb","itemListElement":[{"@type":"ListItem","position":1,"name":"Enjoy Business","item":"https:\/\/enjoybusiness.com.co\/"},{"@type":"ListItem","position":2,"name":"Blog | Enjoy News"}]},{"@type":"WebSite","@id":"https:\/\/enjoybusiness.com.co\/en\/#website","url":"https:\/\/enjoybusiness.com.co\/en\/","name":"","description":"Especialistas globales y locales en servicios de transporte a\u00e9reo, mar\u00edtimo y por carretera, soluciones log\u00edsticas y servicio de aduana","publisher":{"@id":"https:\/\/enjoybusiness.com.co\/en\/#organization"},"potentialAction":[{"@type":"SearchAction","target":{"@type":"EntryPoint","urlTemplate":"https:\/\/enjoybusiness.com.co\/en\/?s={search_term_string}"},"query-input":{"@type":"PropertyValueSpecification","valueRequired":true,"valueName":"search_term_string"}}],"inLanguage":"en-US"},{"@type":"Organization","@id":"https:\/\/enjoybusiness.com.co\/en\/#organization","name":"Enjoy Business","url":"https:\/\/enjoybusiness.com.co\/en\/","logo":{"@type":"ImageObject","inLanguage":"en-US","@id":"https:\/\/enjoybusiness.com.co\/en\/#\/schema\/logo\/image\/","url":"https:\/\/enjoybusiness.com.co\/wp-content\/uploads\/2021\/06\/logo-enjoy-business.png","contentUrl":"https:\/\/enjoybusiness.com.co\/wp-content\/uploads\/2021\/06\/logo-enjoy-business.png","width":289,"height":96,"caption":"Enjoy Business"},"image":{"@id":"https:\/\/enjoybusiness.com.co\/en\/#\/schema\/logo\/image\/"}}]}},"_links":{"self":[{"href":"https:\/\/enjoybusiness.com.co\/en\/wp-json\/wp\/v2\/pages\/7058","targetHints":{"allow":["GET"]}}],"collection":[{"href":"https:\/\/enjoybusiness.com.co\/en\/wp-json\/wp\/v2\/pages"}],"about":[{"href":"https:\/\/enjoybusiness.com.co\/en\/wp-json\/wp\/v2\/types\/page"}],"author":[{"embeddable":true,"href":"https:\/\/enjoybusiness.com.co\/en\/wp-json\/wp\/v2\/users\/1"}],"replies":[{"embeddable":true,"href":"https:\/\/enjoybusiness.com.co\/en\/wp-json\/wp\/v2\/comments?post=7058"}],"version-history":[{"count":0,"href":"https:\/\/enjoybusiness.com.co\/en\/wp-json\/wp\/v2\/pages\/7058\/revisions"}],"wp:attachment":[{"href":"https:\/\/enjoybusiness.com.co\/en\/wp-json\/wp\/v2\/media?parent=7058"}],"curies":[{"name":"wp","href":"https:\/\/api.w.org\/{rel}","templated":true}]}}